{"id":4009,"date":"2018-11-24T13:10:43","date_gmt":"2018-11-24T12:10:43","guid":{"rendered":"https:\/\/bilbaoizan.eus\/list-calendar\/"},"modified":"2026-04-14T13:29:16","modified_gmt":"2026-04-14T11:29:16","slug":"list-calendar","status":"publish","type":"page","link":"https:\/\/bilbaoizan.eus\/eu\/","title":{"rendered":"Hasiera"},"content":{"rendered":"<div class=\"wpb-content-wrapper\"><p>[vc_row full_width=&#8221;stretch_row&#8221; css=&#8221;.vc_custom_1715671202794{padding-top: 10px !important;background-color: #f9f9f9 !important;}&#8221;][vc_column]<div class=\"gt-heading gt-dark gt-size1 gt-align-center\"><div class=\"gt-title\">Ezagutu <span>oinez<\/span><\/div><div class=\"gt-separate\"><div class=\"gt-icon\"><svg xmlns=\"http:\/\/www.w3.org\/2000\/svg\" viewBox=\"0 0 24 24\" fill=\"none\" stroke=\"currentColor\" stroke-width=\"2\" stroke-linecap=\"round\" stroke-linejoin=\"round\"><rect x=\"3\" y=\"4\" width=\"18\" height=\"18\" rx=\"2\" ry=\"2\"><\/rect><line x1=\"16\" y1=\"2\" x2=\"16\" y2=\"6\"><\/line><line x1=\"8\" y1=\"2\" x2=\"8\" y2=\"6\"><\/line><line x1=\"3\" y1=\"10\" x2=\"21\" y2=\"10\"><\/line><\/svg><\/div><\/div><\/div>[vc_empty_space][vc_row_inner equal_height=&#8221;yes&#8221;][vc_column_inner width=&#8221;2\/3&#8243;][vc_column_text css=&#8221;.vc_custom_1775818475275{margin-bottom: 0px !important;}&#8221;]<\/p>\n<h3><strong>2026ko Maiatza: Arabella<\/strong><\/h3>\n<p><strong>Bilboko auzo baten eguneroko historia:<\/strong> Zatoz Arabella auzotik paseatzera, XX. mendearen bigarren erdian hiriak izan zuen hiri-hedapena ulertzeko aukera ematen duen Bilboko enklabe berezia. Arabella auzo planifikatu gisa jaio zen, hazten ari zen biztanleria baten etxebizitza-beharrei lotua, eta gaur egun berezko nortasuna du, auzokoen bizitzak eta haien espazioen eguneroko erabilerak markatua.[\/vc_column_text][vc_empty_space height=&#8221;30px&#8221;][vc_btn title=&#8221;Izena ematea 2026\/05\/04tik aurrera, 09:00etan.&#8221; color=&#8221;vista-blue&#8221; align=&#8221;center&#8221; i_icon_fontawesome=&#8221;fa fa-solid fa-circle-arrow-right&#8221; css=&#8221;.vc_custom_1775818860265{margin-right: 22px !important;}&#8221; add_icon=&#8221;true&#8221; link=&#8221;url:https%3A%2F%2Fbilbaoizan.eus%2Feu%2Fbisitak-arabella%2F&#8221;][vc_btn title=&#8221;Erreserba bat ezeztatu&#8221; color=&#8221;pink&#8221; align=&#8221;center&#8221; i_icon_fontawesome=&#8221;fas fa-window-close&#8221; css=&#8221;&#8221; add_icon=&#8221;true&#8221; link=&#8221;url:https%3A%2F%2Fbilbaoizan.eus%2Feu%2Ferreserba-bat-ezeztatu%2F&#8221;][\/vc_column_inner][vc_column_inner width=&#8221;1\/3&#8243;][vc_single_image image=&#8221;6070&#8243; img_size=&#8221;full&#8221; alignment=&#8221;center&#8221; onclick=&#8221;custom_link&#8221; img_link_target=&#8221;_blank&#8221; css=&#8221;&#8221; link=&#8221;https:\/\/bilbaoizan.eus\/wp-content\/uploads\/2026\/04\/Folleto-2026.pdf&#8221;][vc_btn title=&#8221;Deskargatu liburuxka PDFan&#8221; color=&#8221;danger&#8221; align=&#8221;center&#8221; i_icon_fontawesome=&#8221;fa fa-solid fa-download&#8221; css=&#8221;&#8221; add_icon=&#8221;true&#8221; link=&#8221;url:https%3A%2F%2Fbilbaoizan.eus%2Fwp-content%2Fuploads%2F2026%2F04%2FFolleto-2026.pdf|target:_blank&#8221;][vc_btn title=&#8221;Taldeentzako euskarazko bisita bat erreserbatu nahi dut&#8221; color=&#8221;danger&#8221; align=&#8221;center&#8221; i_type=&#8221;entypo&#8221; i_icon_entypo=&#8221;entypo-icon entypo-icon-language&#8221; css=&#8221;&#8221; add_icon=&#8221;true&#8221; link=&#8221;url:https%3A%2F%2Fbilbaoizan.eus%2Fbisitak-euskaraz%2F&#8221;][vc_btn title=&#8221;Bisita gidatua zeinu-hizkuntzako interprete batekin egin behar dut&#8221; color=&#8221;danger&#8221; align=&#8221;center&#8221; i_icon_fontawesome=&#8221;fa fa-solid fa-hands-asl-interpreting&#8221; css=&#8221;&#8221; add_icon=&#8221;true&#8221; link=&#8221;url:%23|target:_blank&#8221;][\/vc_column_inner][\/vc_row_inner][vc_empty_space height=&#8221;50px&#8221;][\/vc_column][\/vc_row]<\/p>\n<\/div>","protected":false},"excerpt":{"rendered":"<p>[vc_row full_width=&#8221;stretch_row&#8221; css=&#8221;.vc_custom_1715671202794{padding-top: 10px !important;background-color: #f9f9f9 !important;}&#8221;][vc_column][vc_empty_space][vc_row_inner equal_height=&#8221;yes&#8221;][vc_column_inner width=&#8221;2\/3&#8243;][vc_column_text css=&#8221;.vc_custom_1775818475275{margin-bottom: 0px !important;}&#8221;] 2026ko Maiatza: Arabella Bilboko auzo baten eguneroko historia: Zatoz Arabella auzotik paseatzera, XX. mendearen bigarren erdian hiriak izan zuen hiri-hedapena ulertzeko aukera ematen duen Bilboko enklabe berezia. Arabella&#8230;<\/p>\n","protected":false},"author":1,"featured_media":0,"parent":0,"menu_order":0,"comment_status":"closed","ping_status":"closed","template":"","meta":{"footnotes":""},"class_list":["post-4009","page","type-page","status-publish","hentry"],"yoast_head":"<!-- This site is optimized with the Yoast SEO plugin v27.4 - https:\/\/yoast.com\/product\/yoast-seo-wordpress\/ -->\n<title>Hasiera - Bilbao Izan<\/title>\n<meta name=\"robots\" content=\"index, follow, max-snippet:-1, max-image-preview:large, max-video-preview:-1\" \/>\n<link rel=\"canonical\" href=\"https:\/\/bilbaoizan.eus\/eu\/\" \/>\n<meta property=\"og:locale\" content=\"eu_ES\" \/>\n<meta property=\"og:type\" content=\"article\" \/>\n<meta property=\"og:title\" content=\"Hasiera - Bilbao Izan\" \/>\n<meta property=\"og:description\" content=\"[vc_row full_width=&#8221;stretch_row&#8221; css=&#8221;.vc_custom_1715671202794{padding-top: 10px !important;background-color: #f9f9f9 !important;}&#8221;][vc_column][vc_empty_space][vc_row_inner equal_height=&#8221;yes&#8221;][vc_column_inner width=&#8221;2\/3&#8243;][vc_column_text css=&#8221;.vc_custom_1775818475275{margin-bottom: 0px !important;}&#8221;] 2026ko Maiatza: Arabella Bilboko auzo baten eguneroko historia: Zatoz Arabella auzotik paseatzera, XX. mendearen bigarren erdian hiriak izan zuen hiri-hedapena ulertzeko aukera ematen duen Bilboko enklabe berezia. Arabella...\" \/>\n<meta property=\"og:url\" content=\"https:\/\/bilbaoizan.eus\/eu\/\" \/>\n<meta property=\"og:site_name\" content=\"Bilbao Izan\" \/>\n<meta property=\"article:publisher\" content=\"https:\/\/www.facebook.com\/bilbaoizan\" \/>\n<meta property=\"article:modified_time\" content=\"2026-04-14T11:29:16+00:00\" \/>\n<meta property=\"og:image\" content=\"https:\/\/bilbaoizan.eus\/wp-content\/uploads\/2024\/04\/cropped-BilbaoIzan.png\" \/>\n\t<meta property=\"og:image:width\" content=\"512\" \/>\n\t<meta property=\"og:image:height\" content=\"512\" \/>\n\t<meta property=\"og:image:type\" content=\"image\/png\" \/>\n<meta name=\"twitter:card\" content=\"summary_large_image\" \/>\n<meta name=\"twitter:site\" content=\"@bilbaokultura\" \/>\n<meta name=\"twitter:label1\" content=\"Est. reading time\" \/>\n\t<meta name=\"twitter:data1\" content=\"1 minute\" \/>\n<script type=\"application\/ld+json\" class=\"yoast-schema-graph\">{\"@context\":\"https:\\\/\\\/schema.org\",\"@graph\":[{\"@type\":\"WebPage\",\"@id\":\"https:\\\/\\\/bilbaoizan.eus\\\/eu\\\/\",\"url\":\"https:\\\/\\\/bilbaoizan.eus\\\/eu\\\/\",\"name\":\"Hasiera - Bilbao Izan\",\"isPartOf\":{\"@id\":\"https:\\\/\\\/bilbaoizan.eus\\\/eu\\\/#website\"},\"datePublished\":\"2018-11-24T12:10:43+00:00\",\"dateModified\":\"2026-04-14T11:29:16+00:00\",\"breadcrumb\":{\"@id\":\"https:\\\/\\\/bilbaoizan.eus\\\/eu\\\/#breadcrumb\"},\"inLanguage\":\"eu-ES\",\"potentialAction\":[{\"@type\":\"ReadAction\",\"target\":[\"https:\\\/\\\/bilbaoizan.eus\\\/eu\\\/\"]}]},{\"@type\":\"BreadcrumbList\",\"@id\":\"https:\\\/\\\/bilbaoizan.eus\\\/eu\\\/#breadcrumb\",\"itemListElement\":[{\"@type\":\"ListItem\",\"position\":1,\"name\":\"Hasiera\",\"item\":\"https:\\\/\\\/bilbaoizan.eus\\\/eu\\\/\"},{\"@type\":\"ListItem\",\"position\":2,\"name\":\"Hasiera\"}]},{\"@type\":\"WebSite\",\"@id\":\"https:\\\/\\\/bilbaoizan.eus\\\/eu\\\/#website\",\"url\":\"https:\\\/\\\/bilbaoizan.eus\\\/eu\\\/\",\"name\":\"Bilbao Izan\",\"description\":\"Este a\u00f1o, la historia de nuestros barrios cobra vida. Prep\u00e1rate para conocer hechos hist\u00f3ricos, curiosidades y an\u00e9cdotas de los distintos distritos bilba\u00ednos de la mano de los personajes que formaron parte de su historia.\",\"publisher\":{\"@id\":\"https:\\\/\\\/bilbaoizan.eus\\\/eu\\\/#organization\"},\"alternateName\":\"BilbaoIzan\",\"potentialAction\":[{\"@type\":\"SearchAction\",\"target\":{\"@type\":\"EntryPoint\",\"urlTemplate\":\"https:\\\/\\\/bilbaoizan.eus\\\/eu\\\/?s={search_term_string}\"},\"query-input\":{\"@type\":\"PropertyValueSpecification\",\"valueRequired\":true,\"valueName\":\"search_term_string\"}}],\"inLanguage\":\"eu-ES\"},{\"@type\":\"Organization\",\"@id\":\"https:\\\/\\\/bilbaoizan.eus\\\/eu\\\/#organization\",\"name\":\"Ayuntamiento de Bilbao\",\"url\":\"https:\\\/\\\/bilbaoizan.eus\\\/eu\\\/\",\"logo\":{\"@type\":\"ImageObject\",\"inLanguage\":\"eu-ES\",\"@id\":\"https:\\\/\\\/bilbaoizan.eus\\\/eu\\\/#\\\/schema\\\/logo\\\/image\\\/\",\"url\":\"https:\\\/\\\/bilbaoizan.eus\\\/wp-content\\\/uploads\\\/2024\\\/04\\\/cropped-BilbaoIzan.png\",\"contentUrl\":\"https:\\\/\\\/bilbaoizan.eus\\\/wp-content\\\/uploads\\\/2024\\\/04\\\/cropped-BilbaoIzan.png\",\"width\":512,\"height\":512,\"caption\":\"Ayuntamiento de Bilbao\"},\"image\":{\"@id\":\"https:\\\/\\\/bilbaoizan.eus\\\/eu\\\/#\\\/schema\\\/logo\\\/image\\\/\"},\"sameAs\":[\"https:\\\/\\\/www.facebook.com\\\/bilbaoizan\",\"https:\\\/\\\/x.com\\\/bilbaokultura\",\"https:\\\/\\\/www.instagram.com\\\/bilbao_izan\\\/\",\"https:\\\/\\\/www.youtube.com\\\/@BilbaoKultura\"]}]}<\/script>\n<!-- \/ Yoast SEO plugin. -->","yoast_head_json":{"title":"Hasiera - Bilbao Izan","robots":{"index":"index","follow":"follow","max-snippet":"max-snippet:-1","max-image-preview":"max-image-preview:large","max-video-preview":"max-video-preview:-1"},"canonical":"https:\/\/bilbaoizan.eus\/eu\/","og_locale":"eu_ES","og_type":"article","og_title":"Hasiera - Bilbao Izan","og_description":"[vc_row full_width=&#8221;stretch_row&#8221; css=&#8221;.vc_custom_1715671202794{padding-top: 10px !important;background-color: #f9f9f9 !important;}&#8221;][vc_column][vc_empty_space][vc_row_inner equal_height=&#8221;yes&#8221;][vc_column_inner width=&#8221;2\/3&#8243;][vc_column_text css=&#8221;.vc_custom_1775818475275{margin-bottom: 0px !important;}&#8221;] 2026ko Maiatza: Arabella Bilboko auzo baten eguneroko historia: Zatoz Arabella auzotik paseatzera, XX. mendearen bigarren erdian hiriak izan zuen hiri-hedapena ulertzeko aukera ematen duen Bilboko enklabe berezia. Arabella...","og_url":"https:\/\/bilbaoizan.eus\/eu\/","og_site_name":"Bilbao Izan","article_publisher":"https:\/\/www.facebook.com\/bilbaoizan","article_modified_time":"2026-04-14T11:29:16+00:00","og_image":[{"width":512,"height":512,"url":"https:\/\/bilbaoizan.eus\/wp-content\/uploads\/2024\/04\/cropped-BilbaoIzan.png","type":"image\/png"}],"twitter_card":"summary_large_image","twitter_site":"@bilbaokultura","twitter_misc":{"Est. reading time":"1 minute"},"schema":{"@context":"https:\/\/schema.org","@graph":[{"@type":"WebPage","@id":"https:\/\/bilbaoizan.eus\/eu\/","url":"https:\/\/bilbaoizan.eus\/eu\/","name":"Hasiera - Bilbao Izan","isPartOf":{"@id":"https:\/\/bilbaoizan.eus\/eu\/#website"},"datePublished":"2018-11-24T12:10:43+00:00","dateModified":"2026-04-14T11:29:16+00:00","breadcrumb":{"@id":"https:\/\/bilbaoizan.eus\/eu\/#breadcrumb"},"inLanguage":"eu-ES","potentialAction":[{"@type":"ReadAction","target":["https:\/\/bilbaoizan.eus\/eu\/"]}]},{"@type":"BreadcrumbList","@id":"https:\/\/bilbaoizan.eus\/eu\/#breadcrumb","itemListElement":[{"@type":"ListItem","position":1,"name":"Hasiera","item":"https:\/\/bilbaoizan.eus\/eu\/"},{"@type":"ListItem","position":2,"name":"Hasiera"}]},{"@type":"WebSite","@id":"https:\/\/bilbaoizan.eus\/eu\/#website","url":"https:\/\/bilbaoizan.eus\/eu\/","name":"Bilbao Izan","description":"Este a\u00f1o, la historia de nuestros barrios cobra vida. Prep\u00e1rate para conocer hechos hist\u00f3ricos, curiosidades y an\u00e9cdotas de los distintos distritos bilba\u00ednos de la mano de los personajes que formaron parte de su historia.","publisher":{"@id":"https:\/\/bilbaoizan.eus\/eu\/#organization"},"alternateName":"BilbaoIzan","potentialAction":[{"@type":"SearchAction","target":{"@type":"EntryPoint","urlTemplate":"https:\/\/bilbaoizan.eus\/eu\/?s={search_term_string}"},"query-input":{"@type":"PropertyValueSpecification","valueRequired":true,"valueName":"search_term_string"}}],"inLanguage":"eu-ES"},{"@type":"Organization","@id":"https:\/\/bilbaoizan.eus\/eu\/#organization","name":"Ayuntamiento de Bilbao","url":"https:\/\/bilbaoizan.eus\/eu\/","logo":{"@type":"ImageObject","inLanguage":"eu-ES","@id":"https:\/\/bilbaoizan.eus\/eu\/#\/schema\/logo\/image\/","url":"https:\/\/bilbaoizan.eus\/wp-content\/uploads\/2024\/04\/cropped-BilbaoIzan.png","contentUrl":"https:\/\/bilbaoizan.eus\/wp-content\/uploads\/2024\/04\/cropped-BilbaoIzan.png","width":512,"height":512,"caption":"Ayuntamiento de Bilbao"},"image":{"@id":"https:\/\/bilbaoizan.eus\/eu\/#\/schema\/logo\/image\/"},"sameAs":["https:\/\/www.facebook.com\/bilbaoizan","https:\/\/x.com\/bilbaokultura","https:\/\/www.instagram.com\/bilbao_izan\/","https:\/\/www.youtube.com\/@BilbaoKultura"]}]}},"_links":{"self":[{"href":"https:\/\/bilbaoizan.eus\/eu\/wp-json\/wp\/v2\/pages\/4009","targetHints":{"allow":["GET"]}}],"collection":[{"href":"https:\/\/bilbaoizan.eus\/eu\/wp-json\/wp\/v2\/pages"}],"about":[{"href":"https:\/\/bilbaoizan.eus\/eu\/wp-json\/wp\/v2\/types\/page"}],"author":[{"embeddable":true,"href":"https:\/\/bilbaoizan.eus\/eu\/wp-json\/wp\/v2\/users\/1"}],"replies":[{"embeddable":true,"href":"https:\/\/bilbaoizan.eus\/eu\/wp-json\/wp\/v2\/comments?post=4009"}],"version-history":[{"count":134,"href":"https:\/\/bilbaoizan.eus\/eu\/wp-json\/wp\/v2\/pages\/4009\/revisions"}],"predecessor-version":[{"id":6095,"href":"https:\/\/bilbaoizan.eus\/eu\/wp-json\/wp\/v2\/pages\/4009\/revisions\/6095"}],"wp:attachment":[{"href":"https:\/\/bilbaoizan.eus\/eu\/wp-json\/wp\/v2\/media?parent=4009"}],"curies":[{"name":"wp","href":"https:\/\/api.w.org\/{rel}","templated":true}]}}