{"id":4033,"date":"2024-04-03T19:33:05","date_gmt":"2024-04-03T17:33:05","guid":{"rendered":"https:\/\/bilbaoizan.eus\/itinerarios\/"},"modified":"2026-03-25T12:37:21","modified_gmt":"2026-03-25T11:37:21","slug":"ibilbideak","status":"publish","type":"page","link":"https:\/\/bilbaoizan.eus\/eu\/ibilbideak\/","title":{"rendered":"2026eko ibilbideak"},"content":{"rendered":"<div class=\"wpb-content-wrapper\"><p>[vc_row css=&#8221;.vc_custom_1738584205984{margin-top: 75px !important;background-color: #f6f6f6 !important;}&#8221;][vc_column][vc_raw_html css=&#8221;&#8221;]JTNDZGl2JTIwaWQlM0QlMjJjb250LWl0aW5lcmFyaW9zJTIyJTNFJTBBJTBBJTIwJTIwJTIwJTIwJTNDYSUyMGhyZWYlM0QlMjIlMjMlMjIlMjBjbGFzcyUzRCUyMmFFdmVudG9GJTIwZXZlbnRvSW52YWxpZCUyMiUzRSUwQSUyMCUyMCUyMCUyMCUyMCUyMCUyMCUyMCUzQ2RpdiUyMGNsYXNzJTNEJTIyY29udEV2ZW50b0YlMjIlM0UlMEElMjAlMjAlMjAlMjAlMjAlMjAlMjAlMjAlMjAlMjAlMjAlMjAlM0NoMyUzRUFyYWJlbGxhJTNDJTJGaDMlM0UlMEElMjAlMjAlMjAlMjAlMjAlMjAlMjAlMjAlMjAlMjAlMjAlMjAlM0NkaXYlMjBjbGFzcyUzRCUyMmV2ZW50b0ZlY2hhJTIyJTNFJTBBJTIwJTIwJTIwJTIwJTIwJTIwJTIwJTIwJTIwJTIwJTIwJTIwJTIwJTIwJTIwJTIwJTNDaW1nJTIwc3JjJTNEJTIyaHR0cHMlM0ElMkYlMkZiaWxiYW9pemFuLmV1cyUyRndwLWNvbnRlbnQlMkZ1cGxvYWRzJTJGMjAyNCUyRjA0JTJGY2FsZW5kYXIucG5nJTIyJTIwJTJGJTNFJTBBJTIwJTIwJTIwJTIwJTIwJTIwJTIwJTIwJTIwJTIwJTIwJTIwJTIwJTIwJTIwJTIwJTNDc3BhbiUzRU1haWF0emElM0MlMkZzcGFuJTNFJTBBJTIwJTIwJTIwJTIwJTIwJTIwJTIwJTIwJTIwJTIwJTIwJTIwJTNDJTJGZGl2JTNFJTBBJTIwJTIwJTIwJTIwJTIwJTIwJTIwJTIwJTIwJTIwJTIwJTIwJTNDZGl2JTIwY2xhc3MlM0QlMjJldmVudG9JbWFnZW4lMjIlM0UlMEElMjAlMjAlMjAlMjAlMjAlMjAlMjAlMjAlMjAlMjAlMjAlMjAlMjAlMjAlMjAlMjAlM0NpbWclMjBzcmMlM0QlMjJodHRwcyUzQSUyRiUyRmJpbGJhb2l6YW4uZXVzJTJGd3AtY29udGVudCUyRnVwbG9hZHMlMkYyMDI2JTJGMDMlMkZhcmFiZWxsYS0xLmpwZyUyMiUyMCUyRiUzRSUwQSUyMCUyMCUyMCUyMCUyMCUyMCUyMCUyMCUyMCUyMCUyMCUyMCUzQyUyRmRpdiUzRSUwQSUyMCUyMCUyMCUyMCUyMCUyMCUyMCUyMCUzQyUyRmRpdiUzRSUwQSUyMCUyMCUyMCUyMCUzQyUyRmElM0UlMEElMEElMjAlMjAlMjAlMjAlM0NhJTIwaHJlZiUzRCUyMiUyMyUyMiUyMGNsYXNzJTNEJTIyYUV2ZW50b0YlMjBldmVudG9JbnZhbGlkJTIyJTNFJTBBJTIwJTIwJTIwJTIwJTIwJTIwJTIwJTIwJTNDZGl2JTIwY2xhc3MlM0QlMjJjb250RXZlbnRvRiUyMiUzRSUwQSUyMCUyMCUyMCUyMCUyMCUyMCUyMCUyMCUyMCUyMCUyMCUyMCUzQ2gzJTNFU2FudHV0eHUlM0MlMkZoMyUzRSUwQSUyMCUyMCUyMCUyMCUyMCUyMCUyMCUyMCUyMCUyMCUyMCUyMCUzQ2RpdiUyMGNsYXNzJTNEJTIyZXZlbnRvRmVjaGElMjIlM0UlMEElMjAlMjAlMjAlMjAlMjAlMjAlMjAlMjAlMjAlMjAlMjAlMjAlMjAlMjAlMjAlMjAlM0NpbWclMjBzcmMlM0QlMjJodHRwcyUzQSUyRiUyRmJpbGJhb2l6YW4uZXVzJTJGd3AtY29udGVudCUyRnVwbG9hZHMlMkYyMDI0JTJGMDQlMkZjYWxlbmRhci5wbmclMjIlMjAlMkYlM0UlMEElMjAlMjAlMjAlMjAlMjAlMjAlMjAlMjAlMjAlMjAlMjAlMjAlMjAlMjAlMjAlMjAlM0NzcGFuJTNFRWthaW5hJTNDJTJGc3BhbiUzRSUwQSUyMCUyMCUyMCUyMCUyMCUyMCUyMCUyMCUyMCUyMCUyMCUyMCUzQyUyRmRpdiUzRSUwQSUyMCUyMCUyMCUyMCUyMCUyMCUyMCUyMCUyMCUyMCUyMCUyMCUzQ2RpdiUyMGNsYXNzJTNEJTIyZXZlbnRvSW1hZ2VuJTIyJTNFJTBBJTIwJTIwJTIwJTIwJTIwJTIwJTIwJTIwJTIwJTIwJTIwJTIwJTIwJTIwJTIwJTIwJTNDaW1nJTIwc3JjJTNEJTIyaHR0cHMlM0ElMkYlMkZiaWxiYW9pemFuLmV1cyUyRndwLWNvbnRlbnQlMkZ1cGxvYWRzJTJGMjAyNiUyRjAzJTJGU2FudHV0eHVrb19lbGl6YS5qcGclMjIlMjAlMkYlM0UlMEElMjAlMjAlMjAlMjAlMjAlMjAlMjAlMjAlMjAlMjAlMjAlMjAlM0MlMkZkaXYlM0UlMEElMjAlMjAlMjAlMjAlMjAlMjAlMjAlMjAlM0MlMkZkaXYlM0UlMEElMjAlMjAlMjAlMjAlM0MlMkZhJTNFJTBBJTBBJTIwJTIwJTIwJTIwJTNDYSUyMGhyZWYlM0QlMjIlMjMlMjIlMjBjbGFzcyUzRCUyMmFFdmVudG9GJTIwZXZlbnRvSW52YWxpZCUyMiUzRSUwQSUyMCUyMCUyMCUyMCUyMCUyMCUyMCUyMCUzQ2RpdiUyMGNsYXNzJTNEJTIyY29udEV2ZW50b0YlMjIlM0UlMEElMjAlMjAlMjAlMjAlMjAlMjAlMjAlMjAlMjAlMjAlMjAlMjAlM0NoMyUzRUFiYW5kbyUzQyUyRmgzJTNFJTBBJTIwJTIwJTIwJTIwJTIwJTIwJTIwJTIwJTIwJTIwJTIwJTIwJTNDZGl2JTIwY2xhc3MlM0QlMjJldmVudG9GZWNoYSUyMiUzRSUwQSUyMCUyMCUyMCUyMCUyMCUyMCUyMCUyMCUyMCUyMCUyMCUyMCUyMCUyMCUyMCUyMCUzQ2ltZyUyMHNyYyUzRCUyMmh0dHBzJTNBJTJGJTJGYmlsYmFvaXphbi5ldXMlMkZ3cC1jb250ZW50JTJGdXBsb2FkcyUyRjIwMjQlMkYwNCUyRmNhbGVuZGFyLnBuZyUyMiUyMCUyRiUzRSUwQSUyMCUyMCUyMCUyMCUyMCUyMCUyMCUyMCUyMCUyMCUyMCUyMCUyMCUyMCUyMCUyMCUzQ3NwYW4lM0VVenRhaWxhJTNDJTJGc3BhbiUzRSUwQSUyMCUyMCUyMCUyMCUyMCUyMCUyMCUyMCUyMCUyMCUyMCUyMCUzQyUyRmRpdiUzRSUwQSUyMCUyMCUyMCUyMCUyMCUyMCUyMCUyMCUyMCUyMCUyMCUyMCUzQ2RpdiUyMGNsYXNzJTNEJTIyZXZlbnRvSW1hZ2VuJTIyJTNFJTBBJTIwJTIwJTIwJTIwJTIwJTIwJTIwJTIwJTIwJTIwJTIwJTIwJTIwJTIwJTIwJTIwJTNDaW1nJTIwc3JjJTNEJTIyaHR0cHMlM0ElMkYlMkZiaWxiYW9pemFuLmV1cyUyRndwLWNvbnRlbnQlMkZ1cGxvYWRzJTJGMjAyNiUyRjAzJTJGYWJhbmRvLmpwZyUyMiUyMCUyRiUzRSUwQSUyMCUyMCUyMCUyMCUyMCUyMCUyMCUyMCUyMCUyMCUyMCUyMCUzQyUyRmRpdiUzRSUwQSUyMCUyMCUyMCUyMCUyMCUyMCUyMCUyMCUzQyUyRmRpdiUzRSUwQSUyMCUyMCUyMCUyMCUzQyUyRmElM0UlMEElMEElM0MlMkZkaXYlM0UlMEElMEElMEElM0NzY3JpcHQlM0UlMEElMjAlMjAlMjAlMjBjb25zdCUyMCUyMGV2ZW50cyUyMCUzRCUyMGRvY3VtZW50LnF1ZXJ5U2VsZWN0b3JBbGwlMjglMjcuZXZlbnRvSW52YWxpZCUyNyUyOSUzQiUwQSUyMCUyMCUyMCUyMGV2ZW50cy5mb3JFYWNoJTI4JTIwZnVuY3Rpb24lMjglMjBldmVudG8lMjAlMjklN0IlMEElMjAlMjAlMjAlMjAlMjAlMjAlMjAlMjBldmVudG8uYWRkRXZlbnRMaXN0ZW5lciUyOCUyMmNsaWNrJTIyJTJDJTIwZnVuY3Rpb24lMjglMjBldmVudCUyMCUyOSUyMCU3QiUwQSUyMCUyMCUyMCUyMCUyMCUyMCUyMCUyMCUyMCUyMCUyMCUyMGV2ZW50LnByZXZlbnREZWZhdWx0JTI4JTI5JTNCJTBBJTIwJTIwJTIwJTIwJTIwJTIwJTIwJTIwJTdEJTJDJTIwZmFsc2UlMjklM0IlMEElMjAlMjAlMjAlMjAlN0QlMjklM0IlMEElM0MlMkZzY3JpcHQlM0U=[\/vc_raw_html][\/vc_column][\/vc_row]<\/p>\n<\/div>","protected":false},"excerpt":{"rendered":"<p>[vc_row css=&#8221;.vc_custom_1738584205984{margin-top: 75px !important;background-color: #f6f6f6 !important;}&#8221;][vc_column][vc_raw_html css=&#8221;&#8221;]JTNDZGl2JTIwaWQlM0QlMjJjb250LWl0aW5lcmFyaW9zJTIyJTNFJTBBJTBBJTIwJTIwJTIwJTIwJTNDYSUyMGhyZWYlM0QlMjIlMjMlMjIlMjBjbGFzcyUzRCUyMmFFdmVudG9GJTIwZXZlbnRvSW52YWxpZCUyMiUzRSUwQSUyMCUyMCUyMCUyMCUyMCUyMCUyMCUyMCUzQ2RpdiUyMGNsYXNzJTNEJTIyY29udEV2ZW50b0YlMjIlM0UlMEElMjAlMjAlMjAlMjAlMjAlMjAlMjAlMjAlMjAlMjAlMjAlMjAlM0NoMyUzRUFyYWJlbGxhJTNDJTJGaDMlM0UlMEElMjAlMjAlMjAlMjAlMjAlMjAlMjAlMjAlMjAlMjAlMjAlMjAlM0NkaXYlMjBjbGFzcyUzRCUyMmV2ZW50b0ZlY2hhJTIyJTNFJTBBJTIwJTIwJTIwJTIwJTIwJTIwJTIwJTIwJTIwJTIwJTIwJTIwJTIwJTIwJTIwJTIwJTNDaW1nJTIwc3JjJTNEJTIyaHR0cHMlM0ElMkYlMkZiaWxiYW9pemFuLmV1cyUyRndwLWNvbnRlbnQlMkZ1cGxvYWRzJTJGMjAyNCUyRjA0JTJGY2FsZW5kYXIucG5nJTIyJTIwJTJGJTNFJTBBJTIwJTIwJTIwJTIwJTIwJTIwJTIwJTIwJTIwJTIwJTIwJTIwJTIwJTIwJTIwJTIwJTNDc3BhbiUzRU1haWF0emElM0MlMkZzcGFuJTNFJTBBJTIwJTIwJTIwJTIwJTIwJTIwJTIwJTIwJTIwJTIwJTIwJTIwJTNDJTJGZGl2JTNFJTBBJTIwJTIwJTIwJTIwJTIwJTIwJTIwJTIwJTIwJTIwJTIwJTIwJTNDZGl2JTIwY2xhc3MlM0QlMjJldmVudG9JbWFnZW4lMjIlM0UlMEElMjAlMjAlMjAlMjAlMjAlMjAlMjAlMjAlMjAlMjAlMjAlMjAlMjAlMjAlMjAlMjAlM0NpbWclMjBzcmMlM0QlMjJodHRwcyUzQSUyRiUyRmJpbGJhb2l6YW4uZXVzJTJGd3AtY29udGVudCUyRnVwbG9hZHMlMkYyMDI2JTJGMDMlMkZhcmFiZWxsYS0xLmpwZyUyMiUyMCUyRiUzRSUwQSUyMCUyMCUyMCUyMCUyMCUyMCUyMCUyMCUyMCUyMCUyMCUyMCUzQyUyRmRpdiUzRSUwQSUyMCUyMCUyMCUyMCUyMCUyMCUyMCUyMCUzQyUyRmRpdiUzRSUwQSUyMCUyMCUyMCUyMCUzQyUyRmElM0UlMEElMEElMjAlMjAlMjAlMjAlM0NhJTIwaHJlZiUzRCUyMiUyMyUyMiUyMGNsYXNzJTNEJTIyYUV2ZW50b0YlMjBldmVudG9JbnZhbGlkJTIyJTNFJTBBJTIwJTIwJTIwJTIwJTIwJTIwJTIwJTIwJTNDZGl2JTIwY2xhc3MlM0QlMjJjb250RXZlbnRvRiUyMiUzRSUwQSUyMCUyMCUyMCUyMCUyMCUyMCUyMCUyMCUyMCUyMCUyMCUyMCUzQ2gzJTNFU2FudHV0eHUlM0MlMkZoMyUzRSUwQSUyMCUyMCUyMCUyMCUyMCUyMCUyMCUyMCUyMCUyMCUyMCUyMCUzQ2RpdiUyMGNsYXNzJTNEJTIyZXZlbnRvRmVjaGElMjIlM0UlMEElMjAlMjAlMjAlMjAlMjAlMjAlMjAlMjAlMjAlMjAlMjAlMjAlMjAlMjAlMjAlMjAlM0NpbWclMjBzcmMlM0QlMjJodHRwcyUzQSUyRiUyRmJpbGJhb2l6YW4uZXVzJTJGd3AtY29udGVudCUyRnVwbG9hZHMlMkYyMDI0JTJGMDQlMkZjYWxlbmRhci5wbmclMjIlMjAlMkYlM0UlMEElMjAlMjAlMjAlMjAlMjAlMjAlMjAlMjAlMjAlMjAlMjAlMjAlMjAlMjAlMjAlMjAlM0NzcGFuJTNFRWthaW5hJTNDJTJGc3BhbiUzRSUwQSUyMCUyMCUyMCUyMCUyMCUyMCUyMCUyMCUyMCUyMCUyMCUyMCUzQyUyRmRpdiUzRSUwQSUyMCUyMCUyMCUyMCUyMCUyMCUyMCUyMCUyMCUyMCUyMCUyMCUzQ2RpdiUyMGNsYXNzJTNEJTIyZXZlbnRvSW1hZ2VuJTIyJTNFJTBBJTIwJTIwJTIwJTIwJTIwJTIwJTIwJTIwJTIwJTIwJTIwJTIwJTIwJTIwJTIwJTIwJTNDaW1nJTIwc3JjJTNEJTIyaHR0cHMlM0ElMkYlMkZiaWxiYW9pemFuLmV1cyUyRndwLWNvbnRlbnQlMkZ1cGxvYWRzJTJGMjAyNiUyRjAzJTJGU2FudHV0eHVrb19lbGl6YS5qcGclMjIlMjAlMkYlM0UlMEElMjAlMjAlMjAlMjAlMjAlMjAlMjAlMjAlMjAlMjAlMjAlMjAlM0MlMkZkaXYlM0UlMEElMjAlMjAlMjAlMjAlMjAlMjAlMjAlMjAlM0MlMkZkaXYlM0UlMEElMjAlMjAlMjAlMjAlM0MlMkZhJTNFJTBBJTBBJTIwJTIwJTIwJTIwJTNDYSUyMGhyZWYlM0QlMjIlMjMlMjIlMjBjbGFzcyUzRCUyMmFFdmVudG9GJTIwZXZlbnRvSW52YWxpZCUyMiUzRSUwQSUyMCUyMCUyMCUyMCUyMCUyMCUyMCUyMCUzQ2RpdiUyMGNsYXNzJTNEJTIyY29udEV2ZW50b0YlMjIlM0UlMEElMjAlMjAlMjAlMjAlMjAlMjAlMjAlMjAlMjAlMjAlMjAlMjAlM0NoMyUzRUFiYW5kbyUzQyUyRmgzJTNFJTBBJTIwJTIwJTIwJTIwJTIwJTIwJTIwJTIwJTIwJTIwJTIwJTIwJTNDZGl2JTIwY2xhc3MlM0QlMjJldmVudG9GZWNoYSUyMiUzRSUwQSUyMCUyMCUyMCUyMCUyMCUyMCUyMCUyMCUyMCUyMCUyMCUyMCUyMCUyMCUyMCUyMCUzQ2ltZyUyMHNyYyUzRCUyMmh0dHBzJTNBJTJGJTJGYmlsYmFvaXphbi5ldXMlMkZ3cC1jb250ZW50JTJGdXBsb2FkcyUyRjIwMjQlMkYwNCUyRmNhbGVuZGFyLnBuZyUyMiUyMCUyRiUzRSUwQSUyMCUyMCUyMCUyMCUyMCUyMCUyMCUyMCUyMCUyMCUyMCUyMCUyMCUyMCUyMCUyMCUzQ3NwYW4lM0VVenRhaWxhJTNDJTJGc3BhbiUzRSUwQSUyMCUyMCUyMCUyMCUyMCUyMCUyMCUyMCUyMCUyMCUyMCUyMCUzQyUyRmRpdiUzRSUwQSUyMCUyMCUyMCUyMCUyMCUyMCUyMCUyMCUyMCUyMCUyMCUyMCUzQ2RpdiUyMGNsYXNzJTNEJTIyZXZlbnRvSW1hZ2VuJTIyJTNFJTBBJTIwJTIwJTIwJTIwJTIwJTIwJTIwJTIwJTIwJTIwJTIwJTIwJTIwJTIwJTIwJTIwJTNDaW1nJTIwc3JjJTNEJTIyaHR0cHMlM0ElMkYlMkZiaWxiYW9pemFuLmV1cyUyRndwLWNvbnRlbnQlMkZ1cGxvYWRzJTJGMjAyNiUyRjAzJTJGYWJhbmRvLmpwZyUyMiUyMCUyRiUzRSUwQSUyMCUyMCUyMCUyMCUyMCUyMCUyMCUyMCUyMCUyMCUyMCUyMCUzQyUyRmRpdiUzRSUwQSUyMCUyMCUyMCUyMCUyMCUyMCUyMCUyMCUzQyUyRmRpdiUzRSUwQSUyMCUyMCUyMCUyMCUzQyUyRmElM0UlMEElMEElM0MlMkZkaXYlM0UlMEElMEElMEElM0NzY3JpcHQlM0UlMEElMjAlMjAlMjAlMjBjb25zdCUyMCUyMGV2ZW50cyUyMCUzRCUyMGRvY3VtZW50LnF1ZXJ5U2VsZWN0b3JBbGwlMjglMjcuZXZlbnRvSW52YWxpZCUyNyUyOSUzQiUwQSUyMCUyMCUyMCUyMGV2ZW50cy5mb3JFYWNoJTI4JTIwZnVuY3Rpb24lMjglMjBldmVudG8lMjAlMjklN0IlMEElMjAlMjAlMjAlMjAlMjAlMjAlMjAlMjBldmVudG8uYWRkRXZlbnRMaXN0ZW5lciUyOCUyMmNsaWNrJTIyJTJDJTIwZnVuY3Rpb24lMjglMjBldmVudCUyMCUyOSUyMCU3QiUwQSUyMCUyMCUyMCUyMCUyMCUyMCUyMCUyMCUyMCUyMCUyMCUyMGV2ZW50LnByZXZlbnREZWZhdWx0JTI4JTI5JTNCJTBBJTIwJTIwJTIwJTIwJTIwJTIwJTIwJTIwJTdEJTJDJTIwZmFsc2UlMjklM0IlMEElMjAlMjAlMjAlMjAlN0QlMjklM0IlMEElM0MlMkZzY3JpcHQlM0U=[\/vc_raw_html][\/vc_column][\/vc_row]<\/p>\n","protected":false},"author":1,"featured_media":0,"parent":0,"menu_order":0,"comment_status":"closed","ping_status":"closed","template":"","meta":{"footnotes":""},"class_list":["post-4033","page","type-page","status-publish","hentry"],"yoast_head":"<!-- This site is optimized with the Yoast SEO plugin v27.5 - https:\/\/yoast.com\/product\/yoast-seo-wordpress\/ -->\n<title>2026eko ibilbideak - Bilbao Izan<\/title>\n<meta name=\"robots\" content=\"index, follow, max-snippet:-1, max-image-preview:large, max-video-preview:-1\" \/>\n<link rel=\"canonical\" href=\"https:\/\/bilbaoizan.eus\/eu\/ibilbideak\/\" \/>\n<meta property=\"og:locale\" content=\"eu_ES\" \/>\n<meta property=\"og:type\" content=\"article\" \/>\n<meta property=\"og:title\" content=\"2026eko ibilbideak - Bilbao Izan\" \/>\n<meta property=\"og:description\" content=\"[vc_row css=&#8221;.vc_custom_1738584205984{margin-top: 75px !important;background-color: #f6f6f6 !important;}&#8221;][vc_column][vc_raw_html css=&#8221;&#8221;]JTNDZGl2JTIwaWQlM0QlMjJjb250LWl0aW5lcmFyaW9zJTIyJTNFJTBBJTBBJTIwJTIwJTIwJTIwJTNDYSUyMGhyZWYlM0QlMjIlMjMlMjIlMjBjbGFzcyUzRCUyMmFFdmVudG9GJTIwZXZlbnRvSW52YWxpZCUyMiUzRSUwQSUyMCUyMCUyMCUyMCUyMCUyMCUyMCUyMCUzQ2RpdiUyMGNsYXNzJTNEJTIyY29udEV2ZW50b0YlMjIlM0UlMEElMjAlMjAlMjAlMjAlMjAlMjAlMjAlMjAlMjAlMjAlMjAlMjAlM0NoMyUzRUFyYWJlbGxhJTNDJTJGaDMlM0UlMEElMjAlMjAlMjAlMjAlMjAlMjAlMjAlMjAlMjAlMjAlMjAlMjAlM0NkaXYlMjBjbGFzcyUzRCUyMmV2ZW50b0ZlY2hhJTIyJTNFJTBBJTIwJTIwJTIwJTIwJTIwJTIwJTIwJTIwJTIwJTIwJTIwJTIwJTIwJTIwJTIwJTIwJTNDaW1nJTIwc3JjJTNEJTIyaHR0cHMlM0ElMkYlMkZiaWxiYW9pemFuLmV1cyUyRndwLWNvbnRlbnQlMkZ1cGxvYWRzJTJGMjAyNCUyRjA0JTJGY2FsZW5kYXIucG5nJTIyJTIwJTJGJTNFJTBBJTIwJTIwJTIwJTIwJTIwJTIwJTIwJTIwJTIwJTIwJTIwJTIwJTIwJTIwJTIwJTIwJTNDc3BhbiUzRU1haWF0emElM0MlMkZzcGFuJTNFJTBBJTIwJTIwJTIwJTIwJTIwJTIwJTIwJTIwJTIwJTIwJTIwJTIwJTNDJTJGZGl2JTNFJTBBJTIwJTIwJTIwJTIwJTIwJTIwJTIwJTIwJTIwJTIwJTIwJTIwJTNDZGl2JTIwY2xhc3MlM0QlMjJldmVudG9JbWFnZW4lMjIlM0UlMEElMjAlMjAlMjAlMjAlMjAlMjAlMjAlMjAlMjAlMjAlMjAlMjAlMjAlMjAlMjAlMjAlM0NpbWclMjBzcmMlM0QlMjJodHRwcyUzQSUyRiUyRmJpbGJhb2l6YW4uZXVzJTJGd3AtY29udGVudCUyRnVwbG9hZHMlMkYyMDI2JTJGMDMlMkZhcmFiZWxsYS0xLmpwZyUyMiUyMCUyRiUzRSUwQSUyMCUyMCUyMCUyMCUyMCUyMCUyMCUyMCUyMCUyMCUyMCUyMCUzQyUyRmRpdiUzRSUwQSUyMCUyMCUyMCUyMCUyMCUyMCUyMCUyMCUzQyUyRmRpdiUzRSUwQSUyMCUyMCUyMCUyMCUzQyUyRmElM0UlMEElMEElMjAlMjAlMjAlMjAlM0NhJTIwaHJlZiUzRCUyMiUyMyUyMiUyMGNsYXNzJTNEJTIyYUV2ZW50b0YlMjBldmVudG9JbnZhbGlkJTIyJTNFJTBBJTIwJTIwJTIwJTIwJTIwJTIwJTIwJTIwJTNDZGl2JTIwY2xhc3MlM0QlMjJjb250RXZlbnRvRiUyMiUzRSUwQSUyMCUyMCUyMCUyMCUyMCUyMCUyMCUyMCUyMCUyMCUyMCUyMCUzQ2gzJTNFU2FudHV0eHUlM0MlMkZoMyUzRSUwQSUyMCUyMCUyMCUyMCUyMCUyMCUyMCUyMCUyMCUyMCUyMCUyMCUzQ2RpdiUyMGNsYXNzJTNEJTIyZXZlbnRvRmVjaGElMjIlM0UlMEElMjAlMjAlMjAlMjAlMjAlMjAlMjAlMjAlMjAlMjAlMjAlMjAlMjAlMjAlMjAlMjAlM0NpbWclMjBzcmMlM0QlMjJodHRwcyUzQSUyRiUyRmJpbGJhb2l6YW4uZXVzJTJGd3AtY29udGVudCUyRnVwbG9hZHMlMkYyMDI0JTJGMDQlMkZjYWxlbmRhci5wbmclMjIlMjAlMkYlM0UlMEElMjAlMjAlMjAlMjAlMjAlMjAlMjAlMjAlMjAlMjAlMjAlMjAlMjAlMjAlMjAlMjAlM0NzcGFuJTNFRWthaW5hJTNDJTJGc3BhbiUzRSUwQSUyMCUyMCUyMCUyMCUyMCUyMCUyMCUyMCUyMCUyMCUyMCUyMCUzQyUyRmRpdiUzRSUwQSUyMCUyMCUyMCUyMCUyMCUyMCUyMCUyMCUyMCUyMCUyMCUyMCUzQ2RpdiUyMGNsYXNzJTNEJTIyZXZlbnRvSW1hZ2VuJTIyJTNFJTBBJTIwJTIwJTIwJTIwJTIwJTIwJTIwJTIwJTIwJTIwJTIwJTIwJTIwJTIwJTIwJTIwJTNDaW1nJTIwc3JjJTNEJTIyaHR0cHMlM0ElMkYlMkZiaWxiYW9pemFuLmV1cyUyRndwLWNvbnRlbnQlMkZ1cGxvYWRzJTJGMjAyNiUyRjAzJTJGU2FudHV0eHVrb19lbGl6YS5qcGclMjIlMjAlMkYlM0UlMEElMjAlMjAlMjAlMjAlMjAlMjAlMjAlMjAlMjAlMjAlMjAlMjAlM0MlMkZkaXYlM0UlMEElMjAlMjAlMjAlMjAlMjAlMjAlMjAlMjAlM0MlMkZkaXYlM0UlMEElMjAlMjAlMjAlMjAlM0MlMkZhJTNFJTBBJTBBJTIwJTIwJTIwJTIwJTNDYSUyMGhyZWYlM0QlMjIlMjMlMjIlMjBjbGFzcyUzRCUyMmFFdmVudG9GJTIwZXZlbnRvSW52YWxpZCUyMiUzRSUwQSUyMCUyMCUyMCUyMCUyMCUyMCUyMCUyMCUzQ2RpdiUyMGNsYXNzJTNEJTIyY29udEV2ZW50b0YlMjIlM0UlMEElMjAlMjAlMjAlMjAlMjAlMjAlMjAlMjAlMjAlMjAlMjAlMjAlM0NoMyUzRUFiYW5kbyUzQyUyRmgzJTNFJTBBJTIwJTIwJTIwJTIwJTIwJTIwJTIwJTIwJTIwJTIwJTIwJTIwJTNDZGl2JTIwY2xhc3MlM0QlMjJldmVudG9GZWNoYSUyMiUzRSUwQSUyMCUyMCUyMCUyMCUyMCUyMCUyMCUyMCUyMCUyMCUyMCUyMCUyMCUyMCUyMCUyMCUzQ2ltZyUyMHNyYyUzRCUyMmh0dHBzJTNBJTJGJTJGYmlsYmFvaXphbi5ldXMlMkZ3cC1jb250ZW50JTJGdXBsb2FkcyUyRjIwMjQlMkYwNCUyRmNhbGVuZGFyLnBuZyUyMiUyMCUyRiUzRSUwQSUyMCUyMCUyMCUyMCUyMCUyMCUyMCUyMCUyMCUyMCUyMCUyMCUyMCUyMCUyMCUyMCUzQ3NwYW4lM0VVenRhaWxhJTNDJTJGc3BhbiUzRSUwQSUyMCUyMCUyMCUyMCUyMCUyMCUyMCUyMCUyMCUyMCUyMCUyMCUzQyUyRmRpdiUzRSUwQSUyMCUyMCUyMCUyMCUyMCUyMCUyMCUyMCUyMCUyMCUyMCUyMCUzQ2RpdiUyMGNsYXNzJTNEJTIyZXZlbnRvSW1hZ2VuJTIyJTNFJTBBJTIwJTIwJTIwJTIwJTIwJTIwJTIwJTIwJTIwJTIwJTIwJTIwJTIwJTIwJTIwJTIwJTNDaW1nJTIwc3JjJTNEJTIyaHR0cHMlM0ElMkYlMkZiaWxiYW9pemFuLmV1cyUyRndwLWNvbnRlbnQlMkZ1cGxvYWRzJTJGMjAyNiUyRjAzJTJGYWJhbmRvLmpwZyUyMiUyMCUyRiUzRSUwQSUyMCUyMCUyMCUyMCUyMCUyMCUyMCUyMCUyMCUyMCUyMCUyMCUzQyUyRmRpdiUzRSUwQSUyMCUyMCUyMCUyMCUyMCUyMCUyMCUyMCUzQyUyRmRpdiUzRSUwQSUyMCUyMCUyMCUyMCUzQyUyRmElM0UlMEElMEElM0MlMkZkaXYlM0UlMEElMEElMEElM0NzY3JpcHQlM0UlMEElMjAlMjAlMjAlMjBjb25zdCUyMCUyMGV2ZW50cyUyMCUzRCUyMGRvY3VtZW50LnF1ZXJ5U2VsZWN0b3JBbGwlMjglMjcuZXZlbnRvSW52YWxpZCUyNyUyOSUzQiUwQSUyMCUyMCUyMCUyMGV2ZW50cy5mb3JFYWNoJTI4JTIwZnVuY3Rpb24lMjglMjBldmVudG8lMjAlMjklN0IlMEElMjAlMjAlMjAlMjAlMjAlMjAlMjAlMjBldmVudG8uYWRkRXZlbnRMaXN0ZW5lciUyOCUyMmNsaWNrJTIyJTJDJTIwZnVuY3Rpb24lMjglMjBldmVudCUyMCUyOSUyMCU3QiUwQSUyMCUyMCUyMCUyMCUyMCUyMCUyMCUyMCUyMCUyMCUyMCUyMGV2ZW50LnByZXZlbnREZWZhdWx0JTI4JTI5JTNCJTBBJTIwJTIwJTIwJTIwJTIwJTIwJTIwJTIwJTdEJTJDJTIwZmFsc2UlMjklM0IlMEElMjAlMjAlMjAlMjAlN0QlMjklM0IlMEElM0MlMkZzY3JpcHQlM0U=[\/vc_raw_html][\/vc_column][\/vc_row]\" \/>\n<meta property=\"og:url\" content=\"https:\/\/bilbaoizan.eus\/eu\/ibilbideak\/\" \/>\n<meta property=\"og:site_name\" content=\"Bilbao Izan\" \/>\n<meta property=\"article:publisher\" content=\"https:\/\/www.facebook.com\/bilbaoizan\" \/>\n<meta property=\"article:modified_time\" content=\"2026-03-25T11:37:21+00:00\" \/>\n<meta property=\"og:image\" content=\"https:\/\/bilbaoizan.eus\/wp-content\/uploads\/2024\/04\/cropped-BilbaoIzan.png\" \/>\n\t<meta property=\"og:image:width\" content=\"512\" \/>\n\t<meta property=\"og:image:height\" content=\"512\" \/>\n\t<meta property=\"og:image:type\" content=\"image\/png\" \/>\n<meta name=\"twitter:card\" content=\"summary_large_image\" \/>\n<meta name=\"twitter:site\" content=\"@bilbaokultura\" \/>\n<meta name=\"twitter:label1\" content=\"Est. reading time\" \/>\n\t<meta name=\"twitter:data1\" content=\"1 minute\" \/>\n<script type=\"application\/ld+json\" class=\"yoast-schema-graph\">{\"@context\":\"https:\\\/\\\/schema.org\",\"@graph\":[{\"@type\":\"WebPage\",\"@id\":\"https:\\\/\\\/bilbaoizan.eus\\\/eu\\\/ibilbideak\\\/\",\"url\":\"https:\\\/\\\/bilbaoizan.eus\\\/eu\\\/ibilbideak\\\/\",\"name\":\"2026eko ibilbideak - Bilbao Izan\",\"isPartOf\":{\"@id\":\"https:\\\/\\\/bilbaoizan.eus\\\/eu\\\/#website\"},\"datePublished\":\"2024-04-03T17:33:05+00:00\",\"dateModified\":\"2026-03-25T11:37:21+00:00\",\"breadcrumb\":{\"@id\":\"https:\\\/\\\/bilbaoizan.eus\\\/eu\\\/ibilbideak\\\/#breadcrumb\"},\"inLanguage\":\"eu-ES\",\"potentialAction\":[{\"@type\":\"ReadAction\",\"target\":[\"https:\\\/\\\/bilbaoizan.eus\\\/eu\\\/ibilbideak\\\/\"]}]},{\"@type\":\"BreadcrumbList\",\"@id\":\"https:\\\/\\\/bilbaoizan.eus\\\/eu\\\/ibilbideak\\\/#breadcrumb\",\"itemListElement\":[{\"@type\":\"ListItem\",\"position\":1,\"name\":\"Hasiera\",\"item\":\"https:\\\/\\\/bilbaoizan.eus\\\/eu\\\/\"},{\"@type\":\"ListItem\",\"position\":2,\"name\":\"2026eko ibilbideak\"}]},{\"@type\":\"WebSite\",\"@id\":\"https:\\\/\\\/bilbaoizan.eus\\\/eu\\\/#website\",\"url\":\"https:\\\/\\\/bilbaoizan.eus\\\/eu\\\/\",\"name\":\"Bilbao Izan\",\"description\":\"Este a\u00f1o, la historia de nuestros barrios cobra vida. Prep\u00e1rate para conocer hechos hist\u00f3ricos, curiosidades y an\u00e9cdotas de los distintos distritos bilba\u00ednos de la mano de los personajes que formaron parte de su historia.\",\"publisher\":{\"@id\":\"https:\\\/\\\/bilbaoizan.eus\\\/eu\\\/#organization\"},\"alternateName\":\"BilbaoIzan\",\"potentialAction\":[{\"@type\":\"SearchAction\",\"target\":{\"@type\":\"EntryPoint\",\"urlTemplate\":\"https:\\\/\\\/bilbaoizan.eus\\\/eu\\\/?s={search_term_string}\"},\"query-input\":{\"@type\":\"PropertyValueSpecification\",\"valueRequired\":true,\"valueName\":\"search_term_string\"}}],\"inLanguage\":\"eu-ES\"},{\"@type\":\"Organization\",\"@id\":\"https:\\\/\\\/bilbaoizan.eus\\\/eu\\\/#organization\",\"name\":\"Ayuntamiento de Bilbao\",\"url\":\"https:\\\/\\\/bilbaoizan.eus\\\/eu\\\/\",\"logo\":{\"@type\":\"ImageObject\",\"inLanguage\":\"eu-ES\",\"@id\":\"https:\\\/\\\/bilbaoizan.eus\\\/eu\\\/#\\\/schema\\\/logo\\\/image\\\/\",\"url\":\"https:\\\/\\\/bilbaoizan.eus\\\/wp-content\\\/uploads\\\/2024\\\/04\\\/cropped-BilbaoIzan.png\",\"contentUrl\":\"https:\\\/\\\/bilbaoizan.eus\\\/wp-content\\\/uploads\\\/2024\\\/04\\\/cropped-BilbaoIzan.png\",\"width\":512,\"height\":512,\"caption\":\"Ayuntamiento de Bilbao\"},\"image\":{\"@id\":\"https:\\\/\\\/bilbaoizan.eus\\\/eu\\\/#\\\/schema\\\/logo\\\/image\\\/\"},\"sameAs\":[\"https:\\\/\\\/www.facebook.com\\\/bilbaoizan\",\"https:\\\/\\\/x.com\\\/bilbaokultura\",\"https:\\\/\\\/www.instagram.com\\\/bilbao_izan\\\/\",\"https:\\\/\\\/www.youtube.com\\\/@BilbaoKultura\"]}]}<\/script>\n<!-- \/ Yoast SEO plugin. -->","yoast_head_json":{"title":"2026eko ibilbideak - Bilbao Izan","robots":{"index":"index","follow":"follow","max-snippet":"max-snippet:-1","max-image-preview":"max-image-preview:large","max-video-preview":"max-video-preview:-1"},"canonical":"https:\/\/bilbaoizan.eus\/eu\/ibilbideak\/","og_locale":"eu_ES","og_type":"article","og_title":"2026eko ibilbideak - Bilbao Izan","og_description":"[vc_row css=&#8221;.vc_custom_1738584205984{margin-top: 75px !important;background-color: #f6f6f6 !important;}&#8221;][vc_column][vc_raw_html css=&#8221;&#8221;]JTNDZGl2JTIwaWQlM0QlMjJjb250LWl0aW5lcmFyaW9zJTIyJTNFJTBBJTBBJTIwJTIwJTIwJTIwJTNDYSUyMGhyZWYlM0QlMjIlMjMlMjIlMjBjbGFzcyUzRCUyMmFFdmVudG9GJTIwZXZlbnRvSW52YWxpZCUyMiUzRSUwQSUyMCUyMCUyMCUyMCUyMCUyMCUyMCUyMCUzQ2RpdiUyMGNsYXNzJTNEJTIyY29udEV2ZW50b0YlMjIlM0UlMEElMjAlMjAlMjAlMjAlMjAlMjAlMjAlMjAlMjAlMjAlMjAlMjAlM0NoMyUzRUFyYWJlbGxhJTNDJTJGaDMlM0UlMEElMjAlMjAlMjAlMjAlMjAlMjAlMjAlMjAlMjAlMjAlMjAlMjAlM0NkaXYlMjBjbGFzcyUzRCUyMmV2ZW50b0ZlY2hhJTIyJTNFJTBBJTIwJTIwJTIwJTIwJTIwJTIwJTIwJTIwJTIwJTIwJTIwJTIwJTIwJTIwJTIwJTIwJTNDaW1nJTIwc3JjJTNEJTIyaHR0cHMlM0ElMkYlMkZiaWxiYW9pemFuLmV1cyUyRndwLWNvbnRlbnQlMkZ1cGxvYWRzJTJGMjAyNCUyRjA0JTJGY2FsZW5kYXIucG5nJTIyJTIwJTJGJTNFJTBBJTIwJTIwJTIwJTIwJTIwJTIwJTIwJTIwJTIwJTIwJTIwJTIwJTIwJTIwJTIwJTIwJTNDc3BhbiUzRU1haWF0emElM0MlMkZzcGFuJTNFJTBBJTIwJTIwJTIwJTIwJTIwJTIwJTIwJTIwJTIwJTIwJTIwJTIwJTNDJTJGZGl2JTNFJTBBJTIwJTIwJTIwJTIwJTIwJTIwJTIwJTIwJTIwJTIwJTIwJTIwJTNDZGl2JTIwY2xhc3MlM0QlMjJldmVudG9JbWFnZW4lMjIlM0UlMEElMjAlMjAlMjAlMjAlMjAlMjAlMjAlMjAlMjAlMjAlMjAlMjAlMjAlMjAlMjAlMjAlM0NpbWclMjBzcmMlM0QlMjJodHRwcyUzQSUyRiUyRmJpbGJhb2l6YW4uZXVzJTJGd3AtY29udGVudCUyRnVwbG9hZHMlMkYyMDI2JTJGMDMlMkZhcmFiZWxsYS0xLmpwZyUyMiUyMCUyRiUzRSUwQSUyMCUyMCUyMCUyMCUyMCUyMCUyMCUyMCUyMCUyMCUyMCUyMCUzQyUyRmRpdiUzRSUwQSUyMCUyMCUyMCUyMCUyMCUyMCUyMCUyMCUzQyUyRmRpdiUzRSUwQSUyMCUyMCUyMCUyMCUzQyUyRmElM0UlMEElMEElMjAlMjAlMjAlMjAlM0NhJTIwaHJlZiUzRCUyMiUyMyUyMiUyMGNsYXNzJTNEJTIyYUV2ZW50b0YlMjBldmVudG9JbnZhbGlkJTIyJTNFJTBBJTIwJTIwJTIwJTIwJTIwJTIwJTIwJTIwJTNDZGl2JTIwY2xhc3MlM0QlMjJjb250RXZlbnRvRiUyMiUzRSUwQSUyMCUyMCUyMCUyMCUyMCUyMCUyMCUyMCUyMCUyMCUyMCUyMCUzQ2gzJTNFU2FudHV0eHUlM0MlMkZoMyUzRSUwQSUyMCUyMCUyMCUyMCUyMCUyMCUyMCUyMCUyMCUyMCUyMCUyMCUzQ2RpdiUyMGNsYXNzJTNEJTIyZXZlbnRvRmVjaGElMjIlM0UlMEElMjAlMjAlMjAlMjAlMjAlMjAlMjAlMjAlMjAlMjAlMjAlMjAlMjAlMjAlMjAlMjAlM0NpbWclMjBzcmMlM0QlMjJodHRwcyUzQSUyRiUyRmJpbGJhb2l6YW4uZXVzJTJGd3AtY29udGVudCUyRnVwbG9hZHMlMkYyMDI0JTJGMDQlMkZjYWxlbmRhci5wbmclMjIlMjAlMkYlM0UlMEElMjAlMjAlMjAlMjAlMjAlMjAlMjAlMjAlMjAlMjAlMjAlMjAlMjAlMjAlMjAlMjAlM0NzcGFuJTNFRWthaW5hJTNDJTJGc3BhbiUzRSUwQSUyMCUyMCUyMCUyMCUyMCUyMCUyMCUyMCUyMCUyMCUyMCUyMCUzQyUyRmRpdiUzRSUwQSUyMCUyMCUyMCUyMCUyMCUyMCUyMCUyMCUyMCUyMCUyMCUyMCUzQ2RpdiUyMGNsYXNzJTNEJTIyZXZlbnRvSW1hZ2VuJTIyJTNFJTBBJTIwJTIwJTIwJTIwJTIwJTIwJTIwJTIwJTIwJTIwJTIwJTIwJTIwJTIwJTIwJTIwJTNDaW1nJTIwc3JjJTNEJTIyaHR0cHMlM0ElMkYlMkZiaWxiYW9pemFuLmV1cyUyRndwLWNvbnRlbnQlMkZ1cGxvYWRzJTJGMjAyNiUyRjAzJTJGU2FudHV0eHVrb19lbGl6YS5qcGclMjIlMjAlMkYlM0UlMEElMjAlMjAlMjAlMjAlMjAlMjAlMjAlMjAlMjAlMjAlMjAlMjAlM0MlMkZkaXYlM0UlMEElMjAlMjAlMjAlMjAlMjAlMjAlMjAlMjAlM0MlMkZkaXYlM0UlMEElMjAlMjAlMjAlMjAlM0MlMkZhJTNFJTBBJTBBJTIwJTIwJTIwJTIwJTNDYSUyMGhyZWYlM0QlMjIlMjMlMjIlMjBjbGFzcyUzRCUyMmFFdmVudG9GJTIwZXZlbnRvSW52YWxpZCUyMiUzRSUwQSUyMCUyMCUyMCUyMCUyMCUyMCUyMCUyMCUzQ2RpdiUyMGNsYXNzJTNEJTIyY29udEV2ZW50b0YlMjIlM0UlMEElMjAlMjAlMjAlMjAlMjAlMjAlMjAlMjAlMjAlMjAlMjAlMjAlM0NoMyUzRUFiYW5kbyUzQyUyRmgzJTNFJTBBJTIwJTIwJTIwJTIwJTIwJTIwJTIwJTIwJTIwJTIwJTIwJTIwJTNDZGl2JTIwY2xhc3MlM0QlMjJldmVudG9GZWNoYSUyMiUzRSUwQSUyMCUyMCUyMCUyMCUyMCUyMCUyMCUyMCUyMCUyMCUyMCUyMCUyMCUyMCUyMCUyMCUzQ2ltZyUyMHNyYyUzRCUyMmh0dHBzJTNBJTJGJTJGYmlsYmFvaXphbi5ldXMlMkZ3cC1jb250ZW50JTJGdXBsb2FkcyUyRjIwMjQlMkYwNCUyRmNhbGVuZGFyLnBuZyUyMiUyMCUyRiUzRSUwQSUyMCUyMCUyMCUyMCUyMCUyMCUyMCUyMCUyMCUyMCUyMCUyMCUyMCUyMCUyMCUyMCUzQ3NwYW4lM0VVenRhaWxhJTNDJTJGc3BhbiUzRSUwQSUyMCUyMCUyMCUyMCUyMCUyMCUyMCUyMCUyMCUyMCUyMCUyMCUzQyUyRmRpdiUzRSUwQSUyMCUyMCUyMCUyMCUyMCUyMCUyMCUyMCUyMCUyMCUyMCUyMCUzQ2RpdiUyMGNsYXNzJTNEJTIyZXZlbnRvSW1hZ2VuJTIyJTNFJTBBJTIwJTIwJTIwJTIwJTIwJTIwJTIwJTIwJTIwJTIwJTIwJTIwJTIwJTIwJTIwJTIwJTNDaW1nJTIwc3JjJTNEJTIyaHR0cHMlM0ElMkYlMkZiaWxiYW9pemFuLmV1cyUyRndwLWNvbnRlbnQlMkZ1cGxvYWRzJTJGMjAyNiUyRjAzJTJGYWJhbmRvLmpwZyUyMiUyMCUyRiUzRSUwQSUyMCUyMCUyMCUyMCUyMCUyMCUyMCUyMCUyMCUyMCUyMCUyMCUzQyUyRmRpdiUzRSUwQSUyMCUyMCUyMCUyMCUyMCUyMCUyMCUyMCUzQyUyRmRpdiUzRSUwQSUyMCUyMCUyMCUyMCUzQyUyRmElM0UlMEElMEElM0MlMkZkaXYlM0UlMEElMEElMEElM0NzY3JpcHQlM0UlMEElMjAlMjAlMjAlMjBjb25zdCUyMCUyMGV2ZW50cyUyMCUzRCUyMGRvY3VtZW50LnF1ZXJ5U2VsZWN0b3JBbGwlMjglMjcuZXZlbnRvSW52YWxpZCUyNyUyOSUzQiUwQSUyMCUyMCUyMCUyMGV2ZW50cy5mb3JFYWNoJTI4JTIwZnVuY3Rpb24lMjglMjBldmVudG8lMjAlMjklN0IlMEElMjAlMjAlMjAlMjAlMjAlMjAlMjAlMjBldmVudG8uYWRkRXZlbnRMaXN0ZW5lciUyOCUyMmNsaWNrJTIyJTJDJTIwZnVuY3Rpb24lMjglMjBldmVudCUyMCUyOSUyMCU3QiUwQSUyMCUyMCUyMCUyMCUyMCUyMCUyMCUyMCUyMCUyMCUyMCUyMGV2ZW50LnByZXZlbnREZWZhdWx0JTI4JTI5JTNCJTBBJTIwJTIwJTIwJTIwJTIwJTIwJTIwJTIwJTdEJTJDJTIwZmFsc2UlMjklM0IlMEElMjAlMjAlMjAlMjAlN0QlMjklM0IlMEElM0MlMkZzY3JpcHQlM0U=[\/vc_raw_html][\/vc_column][\/vc_row]","og_url":"https:\/\/bilbaoizan.eus\/eu\/ibilbideak\/","og_site_name":"Bilbao Izan","article_publisher":"https:\/\/www.facebook.com\/bilbaoizan","article_modified_time":"2026-03-25T11:37:21+00:00","og_image":[{"width":512,"height":512,"url":"https:\/\/bilbaoizan.eus\/wp-content\/uploads\/2024\/04\/cropped-BilbaoIzan.png","type":"image\/png"}],"twitter_card":"summary_large_image","twitter_site":"@bilbaokultura","twitter_misc":{"Est. reading time":"1 minute"},"schema":{"@context":"https:\/\/schema.org","@graph":[{"@type":"WebPage","@id":"https:\/\/bilbaoizan.eus\/eu\/ibilbideak\/","url":"https:\/\/bilbaoizan.eus\/eu\/ibilbideak\/","name":"2026eko ibilbideak - Bilbao Izan","isPartOf":{"@id":"https:\/\/bilbaoizan.eus\/eu\/#website"},"datePublished":"2024-04-03T17:33:05+00:00","dateModified":"2026-03-25T11:37:21+00:00","breadcrumb":{"@id":"https:\/\/bilbaoizan.eus\/eu\/ibilbideak\/#breadcrumb"},"inLanguage":"eu-ES","potentialAction":[{"@type":"ReadAction","target":["https:\/\/bilbaoizan.eus\/eu\/ibilbideak\/"]}]},{"@type":"BreadcrumbList","@id":"https:\/\/bilbaoizan.eus\/eu\/ibilbideak\/#breadcrumb","itemListElement":[{"@type":"ListItem","position":1,"name":"Hasiera","item":"https:\/\/bilbaoizan.eus\/eu\/"},{"@type":"ListItem","position":2,"name":"2026eko ibilbideak"}]},{"@type":"WebSite","@id":"https:\/\/bilbaoizan.eus\/eu\/#website","url":"https:\/\/bilbaoizan.eus\/eu\/","name":"Bilbao Izan","description":"Este a\u00f1o, la historia de nuestros barrios cobra vida. Prep\u00e1rate para conocer hechos hist\u00f3ricos, curiosidades y an\u00e9cdotas de los distintos distritos bilba\u00ednos de la mano de los personajes que formaron parte de su historia.","publisher":{"@id":"https:\/\/bilbaoizan.eus\/eu\/#organization"},"alternateName":"BilbaoIzan","potentialAction":[{"@type":"SearchAction","target":{"@type":"EntryPoint","urlTemplate":"https:\/\/bilbaoizan.eus\/eu\/?s={search_term_string}"},"query-input":{"@type":"PropertyValueSpecification","valueRequired":true,"valueName":"search_term_string"}}],"inLanguage":"eu-ES"},{"@type":"Organization","@id":"https:\/\/bilbaoizan.eus\/eu\/#organization","name":"Ayuntamiento de Bilbao","url":"https:\/\/bilbaoizan.eus\/eu\/","logo":{"@type":"ImageObject","inLanguage":"eu-ES","@id":"https:\/\/bilbaoizan.eus\/eu\/#\/schema\/logo\/image\/","url":"https:\/\/bilbaoizan.eus\/wp-content\/uploads\/2024\/04\/cropped-BilbaoIzan.png","contentUrl":"https:\/\/bilbaoizan.eus\/wp-content\/uploads\/2024\/04\/cropped-BilbaoIzan.png","width":512,"height":512,"caption":"Ayuntamiento de Bilbao"},"image":{"@id":"https:\/\/bilbaoizan.eus\/eu\/#\/schema\/logo\/image\/"},"sameAs":["https:\/\/www.facebook.com\/bilbaoizan","https:\/\/x.com\/bilbaokultura","https:\/\/www.instagram.com\/bilbao_izan\/","https:\/\/www.youtube.com\/@BilbaoKultura"]}]}},"_links":{"self":[{"href":"https:\/\/bilbaoizan.eus\/eu\/wp-json\/wp\/v2\/pages\/4033","targetHints":{"allow":["GET"]}}],"collection":[{"href":"https:\/\/bilbaoizan.eus\/eu\/wp-json\/wp\/v2\/pages"}],"about":[{"href":"https:\/\/bilbaoizan.eus\/eu\/wp-json\/wp\/v2\/types\/page"}],"author":[{"embeddable":true,"href":"https:\/\/bilbaoizan.eus\/eu\/wp-json\/wp\/v2\/users\/1"}],"replies":[{"embeddable":true,"href":"https:\/\/bilbaoizan.eus\/eu\/wp-json\/wp\/v2\/comments?post=4033"}],"version-history":[{"count":17,"href":"https:\/\/bilbaoizan.eus\/eu\/wp-json\/wp\/v2\/pages\/4033\/revisions"}],"predecessor-version":[{"id":6055,"href":"https:\/\/bilbaoizan.eus\/eu\/wp-json\/wp\/v2\/pages\/4033\/revisions\/6055"}],"wp:attachment":[{"href":"https:\/\/bilbaoizan.eus\/eu\/wp-json\/wp\/v2\/media?parent=4033"}],"curies":[{"name":"wp","href":"https:\/\/api.w.org\/{rel}","templated":true}]}}