{"id":4354,"date":"2024-05-08T11:08:26","date_gmt":"2024-05-08T09:08:26","guid":{"rendered":"https:\/\/bilbaoizan.eus\/cancelar-una-reserva\/"},"modified":"2024-05-13T13:41:32","modified_gmt":"2024-05-13T11:41:32","slug":"erreserba-bat-ezeztatu","status":"publish","type":"page","link":"https:\/\/bilbaoizan.eus\/eu\/erreserba-bat-ezeztatu\/","title":{"rendered":"Erreserba bat ezeztatu"},"content":{"rendered":"<div class=\"wpb-content-wrapper\"><p>[vc_row css=&#8221;.vc_custom_1715161745289{background-color: #f6f6f6 !important;}&#8221;][vc_column][vc_column_text]<\/p>\n<p style=\"text-align: center;\"><strong>Erreserba bat ezeztatu ahal izateko<\/strong>, klikatu, mesedez, \u00ab<strong>Ikusi eta kudeatu zure eskaera<\/strong>\u00bb esteka honetan. Esteka hori erreserbaren berrespena jasotzen den posta elektronikoaren beheko aldean dago.:<\/p>\n<p>[\/vc_column_text][vc_single_image image=&#8221;4357&#8243; img_size=&#8221;full&#8221; alignment=&#8221;center&#8221;][\/vc_column][\/vc_row][vc_row css=&#8221;.vc_custom_1715161774765{background-color: #f6f6f6 !important;}&#8221;][vc_column][vc_column_text]<\/p>\n<p style=\"text-align: center;\">Ondoren, \u00ab<strong>Cancel ticket<\/strong>\u00bb esteka sakatu beharko duzu.<\/p>\n<p>[\/vc_column_text][vc_single_image image=&#8221;4398&#8243; img_size=&#8221;full&#8221; alignment=&#8221;center&#8221;][\/vc_column][\/vc_row][vc_row css=&#8221;.vc_custom_1715161785507{background-color: #f6f6f6 !important;}&#8221;][vc_column][vc_column_text]<\/p>\n<p style=\"text-align: center;\">Orrialde berri bat irekiko da eta \u00ab<strong>Cancel ticket<\/strong>\u00bb botoia sakatu beharko da:<\/p>\n<p>[\/vc_column_text][vc_single_image image=&#8221;4403&#8243; img_size=&#8221;full&#8221; alignment=&#8221;center&#8221;][\/vc_column][\/vc_row][vc_row css=&#8221;.vc_custom_1715161794645{background-color: #f6f6f6 !important;}&#8221;][vc_column][vc_column_text]<\/p>\n<p style=\"text-align: center;\">Une horretan, erreserba bertan behera geratuko da..<\/p>\n<p>[\/vc_column_text][vc_single_image image=&#8221;4406&#8243; img_size=&#8221;full&#8221; alignment=&#8221;center&#8221;][\/vc_column][\/vc_row][vc_row css=&#8221;.vc_custom_1715161794645{background-color: #f6f6f6 !important;}&#8221;][vc_column][vc_column_text]<\/p>\n<p style=\"text-align: center;\">Mila esker!<\/p>\n<p>[\/vc_column_text][\/vc_column][\/vc_row]<\/p>\n<\/div>","protected":false},"excerpt":{"rendered":"<p>[vc_row css=&#8221;.vc_custom_1715161745289{background-color: #f6f6f6 !important;}&#8221;][vc_column][vc_column_text] Erreserba bat ezeztatu ahal izateko, klikatu, mesedez, \u00abIkusi eta kudeatu zure eskaera\u00bb esteka honetan. Esteka hori erreserbaren berrespena jasotzen den posta elektronikoaren beheko aldean dago.: [\/vc_column_text][vc_single_image image=&#8221;4357&#8243; img_size=&#8221;full&#8221; alignment=&#8221;center&#8221;][\/vc_column][\/vc_row][vc_row css=&#8221;.vc_custom_1715161774765{background-color: #f6f6f6 !important;}&#8221;][vc_column][vc_column_text] Ondoren, \u00abCancel ticket\u00bb esteka&#8230;<\/p>\n","protected":false},"author":3,"featured_media":0,"parent":0,"menu_order":0,"comment_status":"closed","ping_status":"closed","template":"","meta":{"footnotes":""},"class_list":["post-4354","page","type-page","status-publish","hentry"],"yoast_head":"<!-- This site is optimized with the Yoast SEO plugin v27.4 - https:\/\/yoast.com\/product\/yoast-seo-wordpress\/ -->\n<title>Erreserba bat ezeztatu - Bilbao Izan<\/title>\n<meta name=\"robots\" content=\"index, follow, max-snippet:-1, max-image-preview:large, max-video-preview:-1\" \/>\n<link rel=\"canonical\" href=\"https:\/\/bilbaoizan.eus\/eu\/erreserba-bat-ezeztatu\/\" \/>\n<meta property=\"og:locale\" content=\"eu_ES\" \/>\n<meta property=\"og:type\" content=\"article\" \/>\n<meta property=\"og:title\" content=\"Erreserba bat ezeztatu - Bilbao Izan\" \/>\n<meta property=\"og:description\" content=\"[vc_row css=&#8221;.vc_custom_1715161745289{background-color: #f6f6f6 !important;}&#8221;][vc_column][vc_column_text] Erreserba bat ezeztatu ahal izateko, klikatu, mesedez, \u00abIkusi eta kudeatu zure eskaera\u00bb esteka honetan. Esteka hori erreserbaren berrespena jasotzen den posta elektronikoaren beheko aldean dago.: [\/vc_column_text][vc_single_image image=&#8221;4357&#8243; img_size=&#8221;full&#8221; alignment=&#8221;center&#8221;][\/vc_column][\/vc_row][vc_row css=&#8221;.vc_custom_1715161774765{background-color: #f6f6f6 !important;}&#8221;][vc_column][vc_column_text] Ondoren, \u00abCancel ticket\u00bb esteka...\" \/>\n<meta property=\"og:url\" content=\"https:\/\/bilbaoizan.eus\/eu\/erreserba-bat-ezeztatu\/\" \/>\n<meta property=\"og:site_name\" content=\"Bilbao Izan\" \/>\n<meta property=\"article:publisher\" content=\"https:\/\/www.facebook.com\/bilbaoizan\" \/>\n<meta property=\"article:modified_time\" content=\"2024-05-13T11:41:32+00:00\" \/>\n<meta property=\"og:image\" content=\"https:\/\/bilbaoizan.eus\/wp-content\/uploads\/2024\/04\/cropped-BilbaoIzan.png\" \/>\n\t<meta property=\"og:image:width\" content=\"512\" \/>\n\t<meta property=\"og:image:height\" content=\"512\" \/>\n\t<meta property=\"og:image:type\" content=\"image\/png\" \/>\n<meta name=\"twitter:card\" content=\"summary_large_image\" \/>\n<meta name=\"twitter:site\" content=\"@bilbaokultura\" \/>\n<meta name=\"twitter:label1\" content=\"Est. reading time\" \/>\n\t<meta name=\"twitter:data1\" content=\"1 minute\" \/>\n<script type=\"application\/ld+json\" class=\"yoast-schema-graph\">{\"@context\":\"https:\\\/\\\/schema.org\",\"@graph\":[{\"@type\":\"WebPage\",\"@id\":\"https:\\\/\\\/bilbaoizan.eus\\\/eu\\\/erreserba-bat-ezeztatu\\\/\",\"url\":\"https:\\\/\\\/bilbaoizan.eus\\\/eu\\\/erreserba-bat-ezeztatu\\\/\",\"name\":\"Erreserba bat ezeztatu - Bilbao Izan\",\"isPartOf\":{\"@id\":\"https:\\\/\\\/bilbaoizan.eus\\\/eu\\\/#website\"},\"datePublished\":\"2024-05-08T09:08:26+00:00\",\"dateModified\":\"2024-05-13T11:41:32+00:00\",\"breadcrumb\":{\"@id\":\"https:\\\/\\\/bilbaoizan.eus\\\/eu\\\/erreserba-bat-ezeztatu\\\/#breadcrumb\"},\"inLanguage\":\"eu-ES\",\"potentialAction\":[{\"@type\":\"ReadAction\",\"target\":[\"https:\\\/\\\/bilbaoizan.eus\\\/eu\\\/erreserba-bat-ezeztatu\\\/\"]}]},{\"@type\":\"BreadcrumbList\",\"@id\":\"https:\\\/\\\/bilbaoizan.eus\\\/eu\\\/erreserba-bat-ezeztatu\\\/#breadcrumb\",\"itemListElement\":[{\"@type\":\"ListItem\",\"position\":1,\"name\":\"Hasiera\",\"item\":\"https:\\\/\\\/bilbaoizan.eus\\\/eu\\\/\"},{\"@type\":\"ListItem\",\"position\":2,\"name\":\"Erreserba bat ezeztatu\"}]},{\"@type\":\"WebSite\",\"@id\":\"https:\\\/\\\/bilbaoizan.eus\\\/eu\\\/#website\",\"url\":\"https:\\\/\\\/bilbaoizan.eus\\\/eu\\\/\",\"name\":\"Bilbao Izan\",\"description\":\"Este a\u00f1o, la historia de nuestros barrios cobra vida. Prep\u00e1rate para conocer hechos hist\u00f3ricos, curiosidades y an\u00e9cdotas de los distintos distritos bilba\u00ednos de la mano de los personajes que formaron parte de su historia.\",\"publisher\":{\"@id\":\"https:\\\/\\\/bilbaoizan.eus\\\/eu\\\/#organization\"},\"alternateName\":\"BilbaoIzan\",\"potentialAction\":[{\"@type\":\"SearchAction\",\"target\":{\"@type\":\"EntryPoint\",\"urlTemplate\":\"https:\\\/\\\/bilbaoizan.eus\\\/eu\\\/?s={search_term_string}\"},\"query-input\":{\"@type\":\"PropertyValueSpecification\",\"valueRequired\":true,\"valueName\":\"search_term_string\"}}],\"inLanguage\":\"eu-ES\"},{\"@type\":\"Organization\",\"@id\":\"https:\\\/\\\/bilbaoizan.eus\\\/eu\\\/#organization\",\"name\":\"Ayuntamiento de Bilbao\",\"url\":\"https:\\\/\\\/bilbaoizan.eus\\\/eu\\\/\",\"logo\":{\"@type\":\"ImageObject\",\"inLanguage\":\"eu-ES\",\"@id\":\"https:\\\/\\\/bilbaoizan.eus\\\/eu\\\/#\\\/schema\\\/logo\\\/image\\\/\",\"url\":\"https:\\\/\\\/bilbaoizan.eus\\\/wp-content\\\/uploads\\\/2024\\\/04\\\/cropped-BilbaoIzan.png\",\"contentUrl\":\"https:\\\/\\\/bilbaoizan.eus\\\/wp-content\\\/uploads\\\/2024\\\/04\\\/cropped-BilbaoIzan.png\",\"width\":512,\"height\":512,\"caption\":\"Ayuntamiento de Bilbao\"},\"image\":{\"@id\":\"https:\\\/\\\/bilbaoizan.eus\\\/eu\\\/#\\\/schema\\\/logo\\\/image\\\/\"},\"sameAs\":[\"https:\\\/\\\/www.facebook.com\\\/bilbaoizan\",\"https:\\\/\\\/x.com\\\/bilbaokultura\",\"https:\\\/\\\/www.instagram.com\\\/bilbao_izan\\\/\",\"https:\\\/\\\/www.youtube.com\\\/@BilbaoKultura\"]}]}<\/script>\n<!-- \/ Yoast SEO plugin. -->","yoast_head_json":{"title":"Erreserba bat ezeztatu - Bilbao Izan","robots":{"index":"index","follow":"follow","max-snippet":"max-snippet:-1","max-image-preview":"max-image-preview:large","max-video-preview":"max-video-preview:-1"},"canonical":"https:\/\/bilbaoizan.eus\/eu\/erreserba-bat-ezeztatu\/","og_locale":"eu_ES","og_type":"article","og_title":"Erreserba bat ezeztatu - Bilbao Izan","og_description":"[vc_row css=&#8221;.vc_custom_1715161745289{background-color: #f6f6f6 !important;}&#8221;][vc_column][vc_column_text] Erreserba bat ezeztatu ahal izateko, klikatu, mesedez, \u00abIkusi eta kudeatu zure eskaera\u00bb esteka honetan. Esteka hori erreserbaren berrespena jasotzen den posta elektronikoaren beheko aldean dago.: [\/vc_column_text][vc_single_image image=&#8221;4357&#8243; img_size=&#8221;full&#8221; alignment=&#8221;center&#8221;][\/vc_column][\/vc_row][vc_row css=&#8221;.vc_custom_1715161774765{background-color: #f6f6f6 !important;}&#8221;][vc_column][vc_column_text] Ondoren, \u00abCancel ticket\u00bb esteka...","og_url":"https:\/\/bilbaoizan.eus\/eu\/erreserba-bat-ezeztatu\/","og_site_name":"Bilbao Izan","article_publisher":"https:\/\/www.facebook.com\/bilbaoizan","article_modified_time":"2024-05-13T11:41:32+00:00","og_image":[{"width":512,"height":512,"url":"https:\/\/bilbaoizan.eus\/wp-content\/uploads\/2024\/04\/cropped-BilbaoIzan.png","type":"image\/png"}],"twitter_card":"summary_large_image","twitter_site":"@bilbaokultura","twitter_misc":{"Est. reading time":"1 minute"},"schema":{"@context":"https:\/\/schema.org","@graph":[{"@type":"WebPage","@id":"https:\/\/bilbaoizan.eus\/eu\/erreserba-bat-ezeztatu\/","url":"https:\/\/bilbaoizan.eus\/eu\/erreserba-bat-ezeztatu\/","name":"Erreserba bat ezeztatu - Bilbao Izan","isPartOf":{"@id":"https:\/\/bilbaoizan.eus\/eu\/#website"},"datePublished":"2024-05-08T09:08:26+00:00","dateModified":"2024-05-13T11:41:32+00:00","breadcrumb":{"@id":"https:\/\/bilbaoizan.eus\/eu\/erreserba-bat-ezeztatu\/#breadcrumb"},"inLanguage":"eu-ES","potentialAction":[{"@type":"ReadAction","target":["https:\/\/bilbaoizan.eus\/eu\/erreserba-bat-ezeztatu\/"]}]},{"@type":"BreadcrumbList","@id":"https:\/\/bilbaoizan.eus\/eu\/erreserba-bat-ezeztatu\/#breadcrumb","itemListElement":[{"@type":"ListItem","position":1,"name":"Hasiera","item":"https:\/\/bilbaoizan.eus\/eu\/"},{"@type":"ListItem","position":2,"name":"Erreserba bat ezeztatu"}]},{"@type":"WebSite","@id":"https:\/\/bilbaoizan.eus\/eu\/#website","url":"https:\/\/bilbaoizan.eus\/eu\/","name":"Bilbao Izan","description":"Este a\u00f1o, la historia de nuestros barrios cobra vida. Prep\u00e1rate para conocer hechos hist\u00f3ricos, curiosidades y an\u00e9cdotas de los distintos distritos bilba\u00ednos de la mano de los personajes que formaron parte de su historia.","publisher":{"@id":"https:\/\/bilbaoizan.eus\/eu\/#organization"},"alternateName":"BilbaoIzan","potentialAction":[{"@type":"SearchAction","target":{"@type":"EntryPoint","urlTemplate":"https:\/\/bilbaoizan.eus\/eu\/?s={search_term_string}"},"query-input":{"@type":"PropertyValueSpecification","valueRequired":true,"valueName":"search_term_string"}}],"inLanguage":"eu-ES"},{"@type":"Organization","@id":"https:\/\/bilbaoizan.eus\/eu\/#organization","name":"Ayuntamiento de Bilbao","url":"https:\/\/bilbaoizan.eus\/eu\/","logo":{"@type":"ImageObject","inLanguage":"eu-ES","@id":"https:\/\/bilbaoizan.eus\/eu\/#\/schema\/logo\/image\/","url":"https:\/\/bilbaoizan.eus\/wp-content\/uploads\/2024\/04\/cropped-BilbaoIzan.png","contentUrl":"https:\/\/bilbaoizan.eus\/wp-content\/uploads\/2024\/04\/cropped-BilbaoIzan.png","width":512,"height":512,"caption":"Ayuntamiento de Bilbao"},"image":{"@id":"https:\/\/bilbaoizan.eus\/eu\/#\/schema\/logo\/image\/"},"sameAs":["https:\/\/www.facebook.com\/bilbaoizan","https:\/\/x.com\/bilbaokultura","https:\/\/www.instagram.com\/bilbao_izan\/","https:\/\/www.youtube.com\/@BilbaoKultura"]}]}},"_links":{"self":[{"href":"https:\/\/bilbaoizan.eus\/eu\/wp-json\/wp\/v2\/pages\/4354","targetHints":{"allow":["GET"]}}],"collection":[{"href":"https:\/\/bilbaoizan.eus\/eu\/wp-json\/wp\/v2\/pages"}],"about":[{"href":"https:\/\/bilbaoizan.eus\/eu\/wp-json\/wp\/v2\/types\/page"}],"author":[{"embeddable":true,"href":"https:\/\/bilbaoizan.eus\/eu\/wp-json\/wp\/v2\/users\/3"}],"replies":[{"embeddable":true,"href":"https:\/\/bilbaoizan.eus\/eu\/wp-json\/wp\/v2\/comments?post=4354"}],"version-history":[{"count":18,"href":"https:\/\/bilbaoizan.eus\/eu\/wp-json\/wp\/v2\/pages\/4354\/revisions"}],"predecessor-version":[{"id":4434,"href":"https:\/\/bilbaoizan.eus\/eu\/wp-json\/wp\/v2\/pages\/4354\/revisions\/4434"}],"wp:attachment":[{"href":"https:\/\/bilbaoizan.eus\/eu\/wp-json\/wp\/v2\/media?parent=4354"}],"curies":[{"name":"wp","href":"https:\/\/api.w.org\/{rel}","templated":true}]}}