{"id":5300,"date":"2025-02-03T12:49:13","date_gmt":"2025-02-03T11:49:13","guid":{"rendered":"https:\/\/bilbaoizan.eus\/visitas-ametzola\/"},"modified":"2025-07-14T08:59:28","modified_gmt":"2025-07-14T06:59:28","slug":"bisitak-abusu","status":"publish","type":"page","link":"https:\/\/bilbaoizan.eus\/eu\/bisitak-abusu\/","title":{"rendered":"Bisitak Abusu"},"content":{"rendered":"<div class=\"wpb-content-wrapper\"><p>[vc_row full_width=&#8221;stretch_row&#8221; css=&#8221;.vc_custom_1719835684185{padding-top: 15px !important;background-color: #f9f9f9 !important;}&#8221;][vc_column]<div class=\"gt-heading gt-dark gt-size1 gt-align-center\"><div class=\"gt-title\">Abusuko <span>trenbidearen atzetik<\/span><\/div><div class=\"gt-separate\"><div class=\"gt-icon\"><svg xmlns=\"http:\/\/www.w3.org\/2000\/svg\" viewBox=\"0 0 24 24\" fill=\"none\" stroke=\"currentColor\" stroke-width=\"2\" stroke-linecap=\"round\" stroke-linejoin=\"round\"><rect x=\"3\" y=\"4\" width=\"18\" height=\"18\" rx=\"2\" ry=\"2\"><\/rect><line x1=\"16\" y1=\"2\" x2=\"16\" y2=\"6\"><\/line><line x1=\"8\" y1=\"2\" x2=\"8\" y2=\"6\"><\/line><line x1=\"3\" y1=\"10\" x2=\"21\" y2=\"10\"><\/line><\/svg><\/div><\/div><\/div>[vc_empty_space][vc_wp_text]Gutxi gorabeherako iraupena: 90 min. <strong>Bisita egin aurretik, jakin beharrekoak:<\/strong><\/p>\n<ul>\n<li>Kalean, aire zabalean, oinez egiten den bisita gidatua da. Hori dela eta, euria egiten badu, jarduerari eusten zaio, nahiz eta pixka bat alda daitekeen.<\/li>\n<li>Plazak bilbaoizan.eus helbidean erreserbatuko dira. Izena ematerakoan, inskribatzen direnen datu pertsonal hauek idatzi beharko dira: izen \u2013 abizenak, helbide elektronikoa eta telefono zenbakia.<\/li>\n<li>Bisita gidatua egin ahal izateko, beharrezkoa izango da aldez aurretik izena emanda egotea. <strong>Plaza erreserbatu ez duenak ezingo du egin bisita<\/strong>.<\/li>\n<li>Bisita gidatua egingo duten haur txikiak beste pertsona bat bezala zenbakituko dira.<\/li>\n<li>Bisitan zehar errazago entzuteko, erradiogida bana emango zaie parte-hartzaileei. Horregatik, hasiera-ordua baino 10 minutu lehenago topalekura iristeko eskatzen dizuegu.<\/li>\n<li>Bisita gidatuek ordu eta erdiko iraupena izango dute, gutxi gora behera, eta batzuetan euskaraz izango dira eta beste batzuetan gazteleraz. Bisita gidatua <strong>euskaraz<\/strong> egin nahi duten <strong>partikularrek ostegun arratsaldeetan<\/strong> egin ahal izango dute. Eta euskaraz egin nahi duten <strong>taldeak<\/strong> badaude, gutxienez 15 pertsonetako taldea osatu behar dute eta beraiekin adostuko dira eguna eta ordua. Horretarako <a style=\"text-decoration: underline dotted;\" href=\"https:\/\/bilbaoizan.eus\/eu\/bisitak-euskaraz\/\"><strong>bilbaoizan.eus<\/strong> gunearen bidez egingo dute <strong>eskaera<\/strong><\/a>.<\/li>\n<li>Bisita gidatua ezin bada egin erreserbatutako egunean eta orduan, bilbaoizan.eus helbidean, &#8220;<strong>plaza bertan behera utzi<\/strong>&#8221; aukera erabiltzea eskatzen dugu, plaza hori beste pertsona batek bete ahal izateko. Plazak mugatuak direnez gero, ahal dugun guztia egin dezagun guztion artean taldeak beti osatuta egon daitezen.<\/li>\n<\/ul>\n<p><img decoding=\"async\" class=\"imgAviso\" src=\"https:\/\/bilbaoizan.eus\/wp-content\/uploads\/2024\/04\/lenguadesignosmanos.png\" \/> Bisita egingo den auzo bakoitzean, talde batek zeinu hizkuntza interpretea izango du. Irudi honek zer taldek izango duen interpretea adierazten du, bilbaoizan.eus webgunean.[\/vc_wp_text][\/vc_column][\/vc_row][vc_row full_width=&#8221;stretch_row&#8221; css=&#8221;.vc_custom_1713265693337{padding-top: 0px !important;background-color: #f9f9f9 !important;}&#8221;][vc_column][vc_raw_html css=&#8221;&#8221;]JTVCdmlzaXRhc19iYXJyaW8lMjBiYXJyaW8lM0QlMjJhYnVzdS1paSUyMiUyMGxpbWl0ZSUzRCUyMjEwMCUyMiU1RA==[\/vc_raw_html][\/vc_column][\/vc_row]<\/p>\n<\/div>","protected":false},"excerpt":{"rendered":"<p>[vc_row full_width=&#8221;stretch_row&#8221; css=&#8221;.vc_custom_1719835684185{padding-top: 15px !important;background-color: #f9f9f9 !important;}&#8221;][vc_column][vc_empty_space][vc_wp_text]Gutxi gorabeherako iraupena: 90 min. Bisita egin aurretik, jakin beharrekoak: Kalean, aire zabalean, oinez egiten den bisita gidatua da. Hori dela eta, euria egiten badu, jarduerari eusten zaio, nahiz eta pixka bat alda daitekeen&#8230;.<\/p>\n","protected":false},"author":3,"featured_media":0,"parent":0,"menu_order":0,"comment_status":"closed","ping_status":"closed","template":"","meta":{"footnotes":""},"class_list":["post-5300","page","type-page","status-publish","hentry"],"yoast_head":"<!-- This site is optimized with the Yoast SEO plugin v27.4 - https:\/\/yoast.com\/product\/yoast-seo-wordpress\/ -->\n<title>Bisitak Abusu - Bilbao Izan<\/title>\n<meta name=\"robots\" content=\"index, follow, max-snippet:-1, max-image-preview:large, max-video-preview:-1\" \/>\n<link rel=\"canonical\" href=\"https:\/\/bilbaoizan.eus\/eu\/bisitak-abusu\/\" \/>\n<meta property=\"og:locale\" content=\"eu_ES\" \/>\n<meta property=\"og:type\" content=\"article\" \/>\n<meta property=\"og:title\" content=\"Bisitak Abusu - Bilbao Izan\" \/>\n<meta property=\"og:description\" content=\"[vc_row full_width=&#8221;stretch_row&#8221; css=&#8221;.vc_custom_1719835684185{padding-top: 15px !important;background-color: #f9f9f9 !important;}&#8221;][vc_column][vc_empty_space][vc_wp_text]Gutxi gorabeherako iraupena: 90 min. Bisita egin aurretik, jakin beharrekoak: Kalean, aire zabalean, oinez egiten den bisita gidatua da. Hori dela eta, euria egiten badu, jarduerari eusten zaio, nahiz eta pixka bat alda daitekeen....\" \/>\n<meta property=\"og:url\" content=\"https:\/\/bilbaoizan.eus\/eu\/bisitak-abusu\/\" \/>\n<meta property=\"og:site_name\" content=\"Bilbao Izan\" \/>\n<meta property=\"article:publisher\" content=\"https:\/\/www.facebook.com\/bilbaoizan\" \/>\n<meta property=\"article:modified_time\" content=\"2025-07-14T06:59:28+00:00\" \/>\n<meta property=\"og:image\" content=\"https:\/\/bilbaoizan.eus\/wp-content\/uploads\/2024\/04\/lenguadesignosmanos.png\" \/>\n<meta name=\"twitter:card\" content=\"summary_large_image\" \/>\n<meta name=\"twitter:site\" content=\"@bilbaokultura\" \/>\n<meta name=\"twitter:label1\" content=\"Est. reading time\" \/>\n\t<meta name=\"twitter:data1\" content=\"2 minutes\" \/>\n<script type=\"application\/ld+json\" class=\"yoast-schema-graph\">{\"@context\":\"https:\\\/\\\/schema.org\",\"@graph\":[{\"@type\":\"WebPage\",\"@id\":\"https:\\\/\\\/bilbaoizan.eus\\\/eu\\\/bisitak-abusu\\\/\",\"url\":\"https:\\\/\\\/bilbaoizan.eus\\\/eu\\\/bisitak-abusu\\\/\",\"name\":\"Bisitak Abusu - Bilbao Izan\",\"isPartOf\":{\"@id\":\"https:\\\/\\\/bilbaoizan.eus\\\/eu\\\/#website\"},\"primaryImageOfPage\":{\"@id\":\"https:\\\/\\\/bilbaoizan.eus\\\/eu\\\/bisitak-abusu\\\/#primaryimage\"},\"image\":{\"@id\":\"https:\\\/\\\/bilbaoizan.eus\\\/eu\\\/bisitak-abusu\\\/#primaryimage\"},\"thumbnailUrl\":\"https:\\\/\\\/bilbaoizan.eus\\\/wp-content\\\/uploads\\\/2024\\\/04\\\/lenguadesignosmanos.png\",\"datePublished\":\"2025-02-03T11:49:13+00:00\",\"dateModified\":\"2025-07-14T06:59:28+00:00\",\"breadcrumb\":{\"@id\":\"https:\\\/\\\/bilbaoizan.eus\\\/eu\\\/bisitak-abusu\\\/#breadcrumb\"},\"inLanguage\":\"eu-ES\",\"potentialAction\":[{\"@type\":\"ReadAction\",\"target\":[\"https:\\\/\\\/bilbaoizan.eus\\\/eu\\\/bisitak-abusu\\\/\"]}]},{\"@type\":\"ImageObject\",\"inLanguage\":\"eu-ES\",\"@id\":\"https:\\\/\\\/bilbaoizan.eus\\\/eu\\\/bisitak-abusu\\\/#primaryimage\",\"url\":\"https:\\\/\\\/bilbaoizan.eus\\\/wp-content\\\/uploads\\\/2024\\\/04\\\/lenguadesignosmanos.png\",\"contentUrl\":\"https:\\\/\\\/bilbaoizan.eus\\\/wp-content\\\/uploads\\\/2024\\\/04\\\/lenguadesignosmanos.png\"},{\"@type\":\"BreadcrumbList\",\"@id\":\"https:\\\/\\\/bilbaoizan.eus\\\/eu\\\/bisitak-abusu\\\/#breadcrumb\",\"itemListElement\":[{\"@type\":\"ListItem\",\"position\":1,\"name\":\"Hasiera\",\"item\":\"https:\\\/\\\/bilbaoizan.eus\\\/eu\\\/\"},{\"@type\":\"ListItem\",\"position\":2,\"name\":\"Bisitak Abusu\"}]},{\"@type\":\"WebSite\",\"@id\":\"https:\\\/\\\/bilbaoizan.eus\\\/eu\\\/#website\",\"url\":\"https:\\\/\\\/bilbaoizan.eus\\\/eu\\\/\",\"name\":\"Bilbao Izan\",\"description\":\"Este a\u00f1o, la historia de nuestros barrios cobra vida. Prep\u00e1rate para conocer hechos hist\u00f3ricos, curiosidades y an\u00e9cdotas de los distintos distritos bilba\u00ednos de la mano de los personajes que formaron parte de su historia.\",\"publisher\":{\"@id\":\"https:\\\/\\\/bilbaoizan.eus\\\/eu\\\/#organization\"},\"alternateName\":\"BilbaoIzan\",\"potentialAction\":[{\"@type\":\"SearchAction\",\"target\":{\"@type\":\"EntryPoint\",\"urlTemplate\":\"https:\\\/\\\/bilbaoizan.eus\\\/eu\\\/?s={search_term_string}\"},\"query-input\":{\"@type\":\"PropertyValueSpecification\",\"valueRequired\":true,\"valueName\":\"search_term_string\"}}],\"inLanguage\":\"eu-ES\"},{\"@type\":\"Organization\",\"@id\":\"https:\\\/\\\/bilbaoizan.eus\\\/eu\\\/#organization\",\"name\":\"Ayuntamiento de Bilbao\",\"url\":\"https:\\\/\\\/bilbaoizan.eus\\\/eu\\\/\",\"logo\":{\"@type\":\"ImageObject\",\"inLanguage\":\"eu-ES\",\"@id\":\"https:\\\/\\\/bilbaoizan.eus\\\/eu\\\/#\\\/schema\\\/logo\\\/image\\\/\",\"url\":\"https:\\\/\\\/bilbaoizan.eus\\\/wp-content\\\/uploads\\\/2024\\\/04\\\/cropped-BilbaoIzan.png\",\"contentUrl\":\"https:\\\/\\\/bilbaoizan.eus\\\/wp-content\\\/uploads\\\/2024\\\/04\\\/cropped-BilbaoIzan.png\",\"width\":512,\"height\":512,\"caption\":\"Ayuntamiento de Bilbao\"},\"image\":{\"@id\":\"https:\\\/\\\/bilbaoizan.eus\\\/eu\\\/#\\\/schema\\\/logo\\\/image\\\/\"},\"sameAs\":[\"https:\\\/\\\/www.facebook.com\\\/bilbaoizan\",\"https:\\\/\\\/x.com\\\/bilbaokultura\",\"https:\\\/\\\/www.instagram.com\\\/bilbao_izan\\\/\",\"https:\\\/\\\/www.youtube.com\\\/@BilbaoKultura\"]}]}<\/script>\n<!-- \/ Yoast SEO plugin. -->","yoast_head_json":{"title":"Bisitak Abusu - Bilbao Izan","robots":{"index":"index","follow":"follow","max-snippet":"max-snippet:-1","max-image-preview":"max-image-preview:large","max-video-preview":"max-video-preview:-1"},"canonical":"https:\/\/bilbaoizan.eus\/eu\/bisitak-abusu\/","og_locale":"eu_ES","og_type":"article","og_title":"Bisitak Abusu - Bilbao Izan","og_description":"[vc_row full_width=&#8221;stretch_row&#8221; css=&#8221;.vc_custom_1719835684185{padding-top: 15px !important;background-color: #f9f9f9 !important;}&#8221;][vc_column][vc_empty_space][vc_wp_text]Gutxi gorabeherako iraupena: 90 min. Bisita egin aurretik, jakin beharrekoak: Kalean, aire zabalean, oinez egiten den bisita gidatua da. Hori dela eta, euria egiten badu, jarduerari eusten zaio, nahiz eta pixka bat alda daitekeen....","og_url":"https:\/\/bilbaoizan.eus\/eu\/bisitak-abusu\/","og_site_name":"Bilbao Izan","article_publisher":"https:\/\/www.facebook.com\/bilbaoizan","article_modified_time":"2025-07-14T06:59:28+00:00","og_image":[{"url":"https:\/\/bilbaoizan.eus\/wp-content\/uploads\/2024\/04\/lenguadesignosmanos.png","type":"","width":"","height":""}],"twitter_card":"summary_large_image","twitter_site":"@bilbaokultura","twitter_misc":{"Est. reading time":"2 minutes"},"schema":{"@context":"https:\/\/schema.org","@graph":[{"@type":"WebPage","@id":"https:\/\/bilbaoizan.eus\/eu\/bisitak-abusu\/","url":"https:\/\/bilbaoizan.eus\/eu\/bisitak-abusu\/","name":"Bisitak Abusu - Bilbao Izan","isPartOf":{"@id":"https:\/\/bilbaoizan.eus\/eu\/#website"},"primaryImageOfPage":{"@id":"https:\/\/bilbaoizan.eus\/eu\/bisitak-abusu\/#primaryimage"},"image":{"@id":"https:\/\/bilbaoizan.eus\/eu\/bisitak-abusu\/#primaryimage"},"thumbnailUrl":"https:\/\/bilbaoizan.eus\/wp-content\/uploads\/2024\/04\/lenguadesignosmanos.png","datePublished":"2025-02-03T11:49:13+00:00","dateModified":"2025-07-14T06:59:28+00:00","breadcrumb":{"@id":"https:\/\/bilbaoizan.eus\/eu\/bisitak-abusu\/#breadcrumb"},"inLanguage":"eu-ES","potentialAction":[{"@type":"ReadAction","target":["https:\/\/bilbaoizan.eus\/eu\/bisitak-abusu\/"]}]},{"@type":"ImageObject","inLanguage":"eu-ES","@id":"https:\/\/bilbaoizan.eus\/eu\/bisitak-abusu\/#primaryimage","url":"https:\/\/bilbaoizan.eus\/wp-content\/uploads\/2024\/04\/lenguadesignosmanos.png","contentUrl":"https:\/\/bilbaoizan.eus\/wp-content\/uploads\/2024\/04\/lenguadesignosmanos.png"},{"@type":"BreadcrumbList","@id":"https:\/\/bilbaoizan.eus\/eu\/bisitak-abusu\/#breadcrumb","itemListElement":[{"@type":"ListItem","position":1,"name":"Hasiera","item":"https:\/\/bilbaoizan.eus\/eu\/"},{"@type":"ListItem","position":2,"name":"Bisitak Abusu"}]},{"@type":"WebSite","@id":"https:\/\/bilbaoizan.eus\/eu\/#website","url":"https:\/\/bilbaoizan.eus\/eu\/","name":"Bilbao Izan","description":"Este a\u00f1o, la historia de nuestros barrios cobra vida. Prep\u00e1rate para conocer hechos hist\u00f3ricos, curiosidades y an\u00e9cdotas de los distintos distritos bilba\u00ednos de la mano de los personajes que formaron parte de su historia.","publisher":{"@id":"https:\/\/bilbaoizan.eus\/eu\/#organization"},"alternateName":"BilbaoIzan","potentialAction":[{"@type":"SearchAction","target":{"@type":"EntryPoint","urlTemplate":"https:\/\/bilbaoizan.eus\/eu\/?s={search_term_string}"},"query-input":{"@type":"PropertyValueSpecification","valueRequired":true,"valueName":"search_term_string"}}],"inLanguage":"eu-ES"},{"@type":"Organization","@id":"https:\/\/bilbaoizan.eus\/eu\/#organization","name":"Ayuntamiento de Bilbao","url":"https:\/\/bilbaoizan.eus\/eu\/","logo":{"@type":"ImageObject","inLanguage":"eu-ES","@id":"https:\/\/bilbaoizan.eus\/eu\/#\/schema\/logo\/image\/","url":"https:\/\/bilbaoizan.eus\/wp-content\/uploads\/2024\/04\/cropped-BilbaoIzan.png","contentUrl":"https:\/\/bilbaoizan.eus\/wp-content\/uploads\/2024\/04\/cropped-BilbaoIzan.png","width":512,"height":512,"caption":"Ayuntamiento de Bilbao"},"image":{"@id":"https:\/\/bilbaoizan.eus\/eu\/#\/schema\/logo\/image\/"},"sameAs":["https:\/\/www.facebook.com\/bilbaoizan","https:\/\/x.com\/bilbaokultura","https:\/\/www.instagram.com\/bilbao_izan\/","https:\/\/www.youtube.com\/@BilbaoKultura"]}]}},"_links":{"self":[{"href":"https:\/\/bilbaoizan.eus\/eu\/wp-json\/wp\/v2\/pages\/5300","targetHints":{"allow":["GET"]}}],"collection":[{"href":"https:\/\/bilbaoizan.eus\/eu\/wp-json\/wp\/v2\/pages"}],"about":[{"href":"https:\/\/bilbaoizan.eus\/eu\/wp-json\/wp\/v2\/types\/page"}],"author":[{"embeddable":true,"href":"https:\/\/bilbaoizan.eus\/eu\/wp-json\/wp\/v2\/users\/3"}],"replies":[{"embeddable":true,"href":"https:\/\/bilbaoizan.eus\/eu\/wp-json\/wp\/v2\/comments?post=5300"}],"version-history":[{"count":24,"href":"https:\/\/bilbaoizan.eus\/eu\/wp-json\/wp\/v2\/pages\/5300\/revisions"}],"predecessor-version":[{"id":5852,"href":"https:\/\/bilbaoizan.eus\/eu\/wp-json\/wp\/v2\/pages\/5300\/revisions\/5852"}],"wp:attachment":[{"href":"https:\/\/bilbaoizan.eus\/eu\/wp-json\/wp\/v2\/media?parent=5300"}],"curies":[{"name":"wp","href":"https:\/\/api.w.org\/{rel}","templated":true}]}}