{"id":5447,"date":"2025-03-17T14:29:16","date_gmt":"2025-03-17T13:29:16","guid":{"rendered":"https:\/\/bilbaoizan.eus\/bisitak-euskaraz\/"},"modified":"2025-03-17T16:24:05","modified_gmt":"2025-03-17T15:24:05","slug":"bisitak-euskaraz","status":"publish","type":"page","link":"https:\/\/bilbaoizan.eus\/eu\/bisitak-euskaraz\/","title":{"rendered":"Bisitak euskaraz egiteko eskaera"},"content":{"rendered":"\n<p>Euskaraz egiteko\u00a0<strong>taldeei<\/strong>\u00a0dagokionez, gutxienez 15 pertsonetako taldea osatu behar da eta beraiekin adostuko da eguna eta ordua.<\/p>\n\n\n<form id=\"forminator-module-5442\" class=\"forminator-custom-form forminator-custom-form-5442\" method=\"post\" data-forminator-render=\"0\" data-uid=\"69dff847d9b88\"><div role=\"alert\" aria-live=\"polite\" class=\"forminator-response-message forminator-error\" aria-hidden=\"true\"><\/div><\/form>\n","protected":false},"excerpt":{"rendered":"<p>Euskaraz egiteko\u00a0taldeei\u00a0dagokionez, gutxienez 15 pertsonetako taldea osatu behar da eta beraiekin adostuko da eguna eta ordua.<\/p>\n","protected":false},"author":2,"featured_media":0,"parent":0,"menu_order":0,"comment_status":"closed","ping_status":"closed","template":"","meta":{"footnotes":""},"class_list":["post-5447","page","type-page","status-publish","hentry"],"yoast_head":"<!-- This site is optimized with the Yoast SEO plugin v27.4 - https:\/\/yoast.com\/product\/yoast-seo-wordpress\/ -->\n<title>Bisitak euskaraz egiteko eskaera - Bilbao Izan<\/title>\n<meta name=\"robots\" content=\"index, follow, max-snippet:-1, max-image-preview:large, max-video-preview:-1\" \/>\n<link rel=\"canonical\" href=\"https:\/\/bilbaoizan.eus\/eu\/bisitak-euskaraz\/\" \/>\n<meta property=\"og:locale\" content=\"eu_ES\" \/>\n<meta property=\"og:type\" content=\"article\" \/>\n<meta property=\"og:title\" content=\"Bisitak euskaraz egiteko eskaera - Bilbao Izan\" \/>\n<meta property=\"og:description\" content=\"Euskaraz egiteko\u00a0taldeei\u00a0dagokionez, gutxienez 15 pertsonetako taldea osatu behar da eta beraiekin adostuko da eguna eta ordua.\" \/>\n<meta property=\"og:url\" content=\"https:\/\/bilbaoizan.eus\/eu\/bisitak-euskaraz\/\" \/>\n<meta property=\"og:site_name\" content=\"Bilbao Izan\" \/>\n<meta property=\"article:publisher\" content=\"https:\/\/www.facebook.com\/bilbaoizan\" \/>\n<meta property=\"article:modified_time\" content=\"2025-03-17T15:24:05+00:00\" \/>\n<meta property=\"og:image\" content=\"https:\/\/bilbaoizan.eus\/wp-content\/uploads\/2024\/04\/cropped-BilbaoIzan.png\" \/>\n\t<meta property=\"og:image:width\" content=\"512\" \/>\n\t<meta property=\"og:image:height\" content=\"512\" \/>\n\t<meta property=\"og:image:type\" content=\"image\/png\" \/>\n<meta name=\"twitter:card\" content=\"summary_large_image\" \/>\n<meta name=\"twitter:site\" content=\"@bilbaokultura\" \/>\n<meta name=\"twitter:label1\" content=\"Est. reading time\" \/>\n\t<meta name=\"twitter:data1\" content=\"1 minute\" \/>\n<script type=\"application\/ld+json\" class=\"yoast-schema-graph\">{\"@context\":\"https:\\\/\\\/schema.org\",\"@graph\":[{\"@type\":\"WebPage\",\"@id\":\"https:\\\/\\\/bilbaoizan.eus\\\/eu\\\/bisitak-euskaraz\\\/\",\"url\":\"https:\\\/\\\/bilbaoizan.eus\\\/eu\\\/bisitak-euskaraz\\\/\",\"name\":\"Bisitak euskaraz egiteko eskaera - Bilbao Izan\",\"isPartOf\":{\"@id\":\"https:\\\/\\\/bilbaoizan.eus\\\/eu\\\/#website\"},\"datePublished\":\"2025-03-17T13:29:16+00:00\",\"dateModified\":\"2025-03-17T15:24:05+00:00\",\"breadcrumb\":{\"@id\":\"https:\\\/\\\/bilbaoizan.eus\\\/eu\\\/bisitak-euskaraz\\\/#breadcrumb\"},\"inLanguage\":\"eu-ES\",\"potentialAction\":[{\"@type\":\"ReadAction\",\"target\":[\"https:\\\/\\\/bilbaoizan.eus\\\/eu\\\/bisitak-euskaraz\\\/\"]}]},{\"@type\":\"BreadcrumbList\",\"@id\":\"https:\\\/\\\/bilbaoizan.eus\\\/eu\\\/bisitak-euskaraz\\\/#breadcrumb\",\"itemListElement\":[{\"@type\":\"ListItem\",\"position\":1,\"name\":\"Hasiera\",\"item\":\"https:\\\/\\\/bilbaoizan.eus\\\/eu\\\/\"},{\"@type\":\"ListItem\",\"position\":2,\"name\":\"Bisitak euskaraz egiteko eskaera\"}]},{\"@type\":\"WebSite\",\"@id\":\"https:\\\/\\\/bilbaoizan.eus\\\/eu\\\/#website\",\"url\":\"https:\\\/\\\/bilbaoizan.eus\\\/eu\\\/\",\"name\":\"Bilbao Izan\",\"description\":\"Este a\u00f1o, la historia de nuestros barrios cobra vida. Prep\u00e1rate para conocer hechos hist\u00f3ricos, curiosidades y an\u00e9cdotas de los distintos distritos bilba\u00ednos de la mano de los personajes que formaron parte de su historia.\",\"publisher\":{\"@id\":\"https:\\\/\\\/bilbaoizan.eus\\\/eu\\\/#organization\"},\"alternateName\":\"BilbaoIzan\",\"potentialAction\":[{\"@type\":\"SearchAction\",\"target\":{\"@type\":\"EntryPoint\",\"urlTemplate\":\"https:\\\/\\\/bilbaoizan.eus\\\/eu\\\/?s={search_term_string}\"},\"query-input\":{\"@type\":\"PropertyValueSpecification\",\"valueRequired\":true,\"valueName\":\"search_term_string\"}}],\"inLanguage\":\"eu-ES\"},{\"@type\":\"Organization\",\"@id\":\"https:\\\/\\\/bilbaoizan.eus\\\/eu\\\/#organization\",\"name\":\"Ayuntamiento de Bilbao\",\"url\":\"https:\\\/\\\/bilbaoizan.eus\\\/eu\\\/\",\"logo\":{\"@type\":\"ImageObject\",\"inLanguage\":\"eu-ES\",\"@id\":\"https:\\\/\\\/bilbaoizan.eus\\\/eu\\\/#\\\/schema\\\/logo\\\/image\\\/\",\"url\":\"https:\\\/\\\/bilbaoizan.eus\\\/wp-content\\\/uploads\\\/2024\\\/04\\\/cropped-BilbaoIzan.png\",\"contentUrl\":\"https:\\\/\\\/bilbaoizan.eus\\\/wp-content\\\/uploads\\\/2024\\\/04\\\/cropped-BilbaoIzan.png\",\"width\":512,\"height\":512,\"caption\":\"Ayuntamiento de Bilbao\"},\"image\":{\"@id\":\"https:\\\/\\\/bilbaoizan.eus\\\/eu\\\/#\\\/schema\\\/logo\\\/image\\\/\"},\"sameAs\":[\"https:\\\/\\\/www.facebook.com\\\/bilbaoizan\",\"https:\\\/\\\/x.com\\\/bilbaokultura\",\"https:\\\/\\\/www.instagram.com\\\/bilbao_izan\\\/\",\"https:\\\/\\\/www.youtube.com\\\/@BilbaoKultura\"]}]}<\/script>\n<!-- \/ Yoast SEO plugin. -->","yoast_head_json":{"title":"Bisitak euskaraz egiteko eskaera - Bilbao Izan","robots":{"index":"index","follow":"follow","max-snippet":"max-snippet:-1","max-image-preview":"max-image-preview:large","max-video-preview":"max-video-preview:-1"},"canonical":"https:\/\/bilbaoizan.eus\/eu\/bisitak-euskaraz\/","og_locale":"eu_ES","og_type":"article","og_title":"Bisitak euskaraz egiteko eskaera - Bilbao Izan","og_description":"Euskaraz egiteko\u00a0taldeei\u00a0dagokionez, gutxienez 15 pertsonetako taldea osatu behar da eta beraiekin adostuko da eguna eta ordua.","og_url":"https:\/\/bilbaoizan.eus\/eu\/bisitak-euskaraz\/","og_site_name":"Bilbao Izan","article_publisher":"https:\/\/www.facebook.com\/bilbaoizan","article_modified_time":"2025-03-17T15:24:05+00:00","og_image":[{"width":512,"height":512,"url":"https:\/\/bilbaoizan.eus\/wp-content\/uploads\/2024\/04\/cropped-BilbaoIzan.png","type":"image\/png"}],"twitter_card":"summary_large_image","twitter_site":"@bilbaokultura","twitter_misc":{"Est. reading time":"1 minute"},"schema":{"@context":"https:\/\/schema.org","@graph":[{"@type":"WebPage","@id":"https:\/\/bilbaoizan.eus\/eu\/bisitak-euskaraz\/","url":"https:\/\/bilbaoizan.eus\/eu\/bisitak-euskaraz\/","name":"Bisitak euskaraz egiteko eskaera - Bilbao Izan","isPartOf":{"@id":"https:\/\/bilbaoizan.eus\/eu\/#website"},"datePublished":"2025-03-17T13:29:16+00:00","dateModified":"2025-03-17T15:24:05+00:00","breadcrumb":{"@id":"https:\/\/bilbaoizan.eus\/eu\/bisitak-euskaraz\/#breadcrumb"},"inLanguage":"eu-ES","potentialAction":[{"@type":"ReadAction","target":["https:\/\/bilbaoizan.eus\/eu\/bisitak-euskaraz\/"]}]},{"@type":"BreadcrumbList","@id":"https:\/\/bilbaoizan.eus\/eu\/bisitak-euskaraz\/#breadcrumb","itemListElement":[{"@type":"ListItem","position":1,"name":"Hasiera","item":"https:\/\/bilbaoizan.eus\/eu\/"},{"@type":"ListItem","position":2,"name":"Bisitak euskaraz egiteko eskaera"}]},{"@type":"WebSite","@id":"https:\/\/bilbaoizan.eus\/eu\/#website","url":"https:\/\/bilbaoizan.eus\/eu\/","name":"Bilbao Izan","description":"Este a\u00f1o, la historia de nuestros barrios cobra vida. Prep\u00e1rate para conocer hechos hist\u00f3ricos, curiosidades y an\u00e9cdotas de los distintos distritos bilba\u00ednos de la mano de los personajes que formaron parte de su historia.","publisher":{"@id":"https:\/\/bilbaoizan.eus\/eu\/#organization"},"alternateName":"BilbaoIzan","potentialAction":[{"@type":"SearchAction","target":{"@type":"EntryPoint","urlTemplate":"https:\/\/bilbaoizan.eus\/eu\/?s={search_term_string}"},"query-input":{"@type":"PropertyValueSpecification","valueRequired":true,"valueName":"search_term_string"}}],"inLanguage":"eu-ES"},{"@type":"Organization","@id":"https:\/\/bilbaoizan.eus\/eu\/#organization","name":"Ayuntamiento de Bilbao","url":"https:\/\/bilbaoizan.eus\/eu\/","logo":{"@type":"ImageObject","inLanguage":"eu-ES","@id":"https:\/\/bilbaoizan.eus\/eu\/#\/schema\/logo\/image\/","url":"https:\/\/bilbaoizan.eus\/wp-content\/uploads\/2024\/04\/cropped-BilbaoIzan.png","contentUrl":"https:\/\/bilbaoizan.eus\/wp-content\/uploads\/2024\/04\/cropped-BilbaoIzan.png","width":512,"height":512,"caption":"Ayuntamiento de Bilbao"},"image":{"@id":"https:\/\/bilbaoizan.eus\/eu\/#\/schema\/logo\/image\/"},"sameAs":["https:\/\/www.facebook.com\/bilbaoizan","https:\/\/x.com\/bilbaokultura","https:\/\/www.instagram.com\/bilbao_izan\/","https:\/\/www.youtube.com\/@BilbaoKultura"]}]}},"_links":{"self":[{"href":"https:\/\/bilbaoizan.eus\/eu\/wp-json\/wp\/v2\/pages\/5447","targetHints":{"allow":["GET"]}}],"collection":[{"href":"https:\/\/bilbaoizan.eus\/eu\/wp-json\/wp\/v2\/pages"}],"about":[{"href":"https:\/\/bilbaoizan.eus\/eu\/wp-json\/wp\/v2\/types\/page"}],"author":[{"embeddable":true,"href":"https:\/\/bilbaoizan.eus\/eu\/wp-json\/wp\/v2\/users\/2"}],"replies":[{"embeddable":true,"href":"https:\/\/bilbaoizan.eus\/eu\/wp-json\/wp\/v2\/comments?post=5447"}],"version-history":[{"count":4,"href":"https:\/\/bilbaoizan.eus\/eu\/wp-json\/wp\/v2\/pages\/5447\/revisions"}],"predecessor-version":[{"id":5451,"href":"https:\/\/bilbaoizan.eus\/eu\/wp-json\/wp\/v2\/pages\/5447\/revisions\/5451"}],"wp:attachment":[{"href":"https:\/\/bilbaoizan.eus\/eu\/wp-json\/wp\/v2\/media?parent=5447"}],"curies":[{"name":"wp","href":"https:\/\/api.w.org\/{rel}","templated":true}]}}