{"id":5881,"date":"2026-03-04T09:21:52","date_gmt":"2026-03-04T08:21:52","guid":{"rendered":"https:\/\/bilbaoizan.eus\/visitas-arabella\/"},"modified":"2026-03-25T11:47:20","modified_gmt":"2026-03-25T10:47:20","slug":"bisitak-arabella","status":"publish","type":"page","link":"https:\/\/bilbaoizan.eus\/eu\/bisitak-arabella\/","title":{"rendered":"Bisitak Arabella"},"content":{"rendered":"<div class=\"wpb-content-wrapper\"><p>[vc_row full_width=&#8221;stretch_row&#8221; css=&#8221;.vc_custom_1719835660583{padding-top: 15px !important;background-color: #f9f9f9 !important;}&#8221;][vc_column][vc_raw_html css=&#8221;&#8221;]JTNDZGl2JTIwY2xhc3MlM0QlMjJndC1oZWFkaW5nJTIwZ3QtZGFyayUyMGd0LXNpemUxJTIwZ3QtYWxpZ24tY2VudGVyJTIyJTNFJTBBJTIwJTIwJTIwJTIwJTNDZGl2JTIwY2xhc3MlM0QlMjJndC10aXRsZSUyMiUzRSUwQSUyMCUyMCUyMCUyMCUyMCUyMCUyMCUyMEV6YWd1dHUlMjAlM0NzcGFuJTIwY2xhc3MlM0QlMjJ0aXRCYXJyaW8lMjIlM0VBcmFiZWxsYSUzQyUyRnNwYW4lM0UlMjBvaW5leiUwQSUyMCUyMCUyMCUyMCUzQyUyRmRpdiUzRSUwQSUzQyUyRmRpdiUzRQ==[\/vc_raw_html][vc_empty_space][vc_wp_text]Gutxi gorabeherako iraupena: 90 min. <strong>Bisita egin aurretik, jakin beharrekoak:<\/strong><\/p>\n<ul>\n<li>Kalean oinez egiten den bisita da. Euria egiten badu, ibilbidea pixka bat alda daiteke.<\/li>\n<li>Plazak aldez aurretik\u00a0<a href=\"https:\/\/bilbaoizan.eus\/eu\/\" target=\"_blank\" rel=\"noopener noreferrer nofollow\"><strong>bilbaoizan.eus<\/strong><\/a>\u00a0webgunean erreserbatu behar dira. Datu hauek eman beharko dira: izen \u2013 abizenak, helbide elektronikoa eta telefono zenbakia.<\/li>\n<li><strong>Plaza erreserbatu ez duenak ezingo du egin bisita<\/strong>.<\/li>\n<li>Hilabetero izena emateko epea bi izango dira. Lehenengoa, hilabete horretako lehenengo astelehenetik aurrera eta, bigarrena, hilabete horretako hirugarren astelehenetik aurrera.<\/li>\n<li>Errazago entzuteko audiogida bana emango da.<\/li>\n<li>Ordu eta erdiko iraupena izango du, gutxi gorabehera.<\/li>\n<li>Bisita egiteko hizkuntzak: euskara eta gaztelera.<\/li>\n<li>Bisita<strong>\u00a0euskaraz<\/strong>\u00a0egin nahi izanez gero, aukera hauek daude:<\/li>\n<li><strong>Norbanakoek:<\/strong>\u00a0ostegun arratsaldeetan izena eman dezakete. Baita aurrez antolatutako euskarazko taldeekin batera ere egin dezakete. Horretarako,\u00a0<a href=\"https:\/\/bilbaoizan.eus\/eu\/\" target=\"_blank\" rel=\"noopener noreferrer nofollow\"><strong>bilbaoizan.eus<\/strong><\/a>\u00a0webgunean iragartzen den egutegia kontsultatu beharko da.<\/li>\n<li><strong>Euskarazko taldeek:<\/strong>\u00a0gutxienez 15 pertsonetako taldea osatu beharko dute. Taldearekin adostuko dira eguna eta ordua. Horretarako\u00a0<a href=\"https:\/\/bilbaoizan.eus\/eu\/\" target=\"_blank\" rel=\"noopener noreferrer nofollow\"><strong>bilbaoizan.eus<\/strong><\/a>\u00a0webgunearen bidez egingo dute eskaera.<\/li>\n<li>Bisitara ezin bazara joan,\u00a0<a href=\"https:\/\/bilbaoizan.eus\/eu\/\" target=\"_blank\" rel=\"noopener noreferrer nofollow\"><strong>bilbaoizan.eus<\/strong><\/a>\u00a0webgunean,\u00a0<a href=\"https:\/\/bilbaoizan.eus\/eu\/erreserba-bat-ezeztatu\/\" target=\"_blank\" rel=\"noopener noreferrer nofollow\"><strong>\u201cplaza bertan behera utzi\u201d<\/strong><\/a>\u00a0aukera erabili. Horrela, plaza hori beste pertsona batek bete ahal izango du.<\/li>\n<\/ul>\n<p><img decoding=\"async\" class=\"imgAviso\" src=\"https:\/\/bilbaoizan.eus\/wp-content\/uploads\/2024\/04\/lenguadesignosmanos.png\" \/> Auzo bakoitzean talde batek zeinu hizkuntza interpretea izango du. Irudi honek zein taldek izango duen interpretea adierazten du, <a style=\"text-decoration: underline dotted;\" href=\"https:\/\/bilbaoizan.eus\/eu\/\"><strong>bilbaoizan.eus<\/strong><\/a> webgunean.[\/vc_wp_text][\/vc_column][\/vc_row][vc_row full_width=&#8221;stretch_row&#8221; css=&#8221;.vc_custom_1713265693337{padding-top: 0px !important;background-color: #f9f9f9 !important;}&#8221;][vc_column][vc_raw_html css=&#8221;&#8221;]JTVCdmlzaXRhc19iYXJyaW8lMjBiYXJyaW8lM0QlMjJBcmFiZWxsYSUyMEklMjIlMjBsaW1pdGUlM0QlMjIxMDAlMjIlNUQ=[\/vc_raw_html][\/vc_column][\/vc_row][vc_row full_width=&#8221;stretch_row&#8221; css=&#8221;.vc_custom_1713265693337{padding-top: 0px !important;background-color: #f9f9f9 !important;}&#8221;][vc_column el_class=&#8221;.contSegundaQuincena&#8221;]<div class=\"gt-heading gt-dark gt-size2 gt-align-left\"><div class=\"gt-title\">BIGARREN HAMABOSTALDIA (inskripzioak maiatzaren 18tik aurrera)<\/div><\/div>[vc_empty_space height=&#8221;30px&#8221;][vc_raw_html css=&#8221;&#8221;]JTVCdmlzaXRhc19iYXJyaW8lMjBiYXJyaW8lM0QlMjJBcmFiZWxsYSUyMElJJTIyJTIwbGltaXRlJTNEJTIyMTAwJTIyJTIwZGlzcG9uaWJsZSUzRCUyMmZhbHNlJTIyJTVE[\/vc_raw_html][vc_empty_space height=&#8221;50px&#8221;][\/vc_column][\/vc_row]<\/p>\n<\/div>","protected":false},"excerpt":{"rendered":"<p>[vc_row full_width=&#8221;stretch_row&#8221; css=&#8221;.vc_custom_1719835660583{padding-top: 15px !important;background-color: #f9f9f9 !important;}&#8221;][vc_column][vc_raw_html css=&#8221;&#8221;]JTNDZGl2JTIwY2xhc3MlM0QlMjJndC1oZWFkaW5nJTIwZ3QtZGFyayUyMGd0LXNpemUxJTIwZ3QtYWxpZ24tY2VudGVyJTIyJTNFJTBBJTIwJTIwJTIwJTIwJTNDZGl2JTIwY2xhc3MlM0QlMjJndC10aXRsZSUyMiUzRSUwQSUyMCUyMCUyMCUyMCUyMCUyMCUyMCUyMEV6YWd1dHUlMjAlM0NzcGFuJTIwY2xhc3MlM0QlMjJ0aXRCYXJyaW8lMjIlM0VBcmFiZWxsYSUzQyUyRnNwYW4lM0UlMjBvaW5leiUwQSUyMCUyMCUyMCUyMCUzQyUyRmRpdiUzRSUwQSUzQyUyRmRpdiUzRQ==[\/vc_raw_html][vc_empty_space][vc_wp_text]Gutxi gorabeherako iraupena: 90 min. Bisita egin aurretik, jakin beharrekoak: Kalean oinez egiten den bisita da. Euria egiten badu, ibilbidea pixka bat alda daiteke. Plazak aldez aurretik\u00a0bilbaoizan.eus\u00a0webgunean erreserbatu behar dira. Datu hauek eman&#8230;<\/p>\n","protected":false},"author":3,"featured_media":0,"parent":0,"menu_order":0,"comment_status":"closed","ping_status":"closed","template":"","meta":{"footnotes":""},"class_list":["post-5881","page","type-page","status-publish","hentry"],"yoast_head":"<!-- This site is optimized with the Yoast SEO plugin v27.4 - https:\/\/yoast.com\/product\/yoast-seo-wordpress\/ -->\n<title>Bisitak Arabella - Bilbao Izan<\/title>\n<meta name=\"robots\" content=\"index, follow, max-snippet:-1, max-image-preview:large, max-video-preview:-1\" \/>\n<link rel=\"canonical\" href=\"https:\/\/bilbaoizan.eus\/eu\/bisitak-arabella\/\" \/>\n<meta property=\"og:locale\" content=\"eu_ES\" \/>\n<meta property=\"og:type\" content=\"article\" \/>\n<meta property=\"og:title\" content=\"Bisitak Arabella - Bilbao Izan\" \/>\n<meta property=\"og:description\" content=\"[vc_row full_width=&#8221;stretch_row&#8221; css=&#8221;.vc_custom_1719835660583{padding-top: 15px !important;background-color: #f9f9f9 !important;}&#8221;][vc_column][vc_raw_html css=&#8221;&#8221;]JTNDZGl2JTIwY2xhc3MlM0QlMjJndC1oZWFkaW5nJTIwZ3QtZGFyayUyMGd0LXNpemUxJTIwZ3QtYWxpZ24tY2VudGVyJTIyJTNFJTBBJTIwJTIwJTIwJTIwJTNDZGl2JTIwY2xhc3MlM0QlMjJndC10aXRsZSUyMiUzRSUwQSUyMCUyMCUyMCUyMCUyMCUyMCUyMCUyMEV6YWd1dHUlMjAlM0NzcGFuJTIwY2xhc3MlM0QlMjJ0aXRCYXJyaW8lMjIlM0VBcmFiZWxsYSUzQyUyRnNwYW4lM0UlMjBvaW5leiUwQSUyMCUyMCUyMCUyMCUzQyUyRmRpdiUzRSUwQSUzQyUyRmRpdiUzRQ==[\/vc_raw_html][vc_empty_space][vc_wp_text]Gutxi gorabeherako iraupena: 90 min. Bisita egin aurretik, jakin beharrekoak: Kalean oinez egiten den bisita da. Euria egiten badu, ibilbidea pixka bat alda daiteke. Plazak aldez aurretik\u00a0bilbaoizan.eus\u00a0webgunean erreserbatu behar dira. Datu hauek eman...\" \/>\n<meta property=\"og:url\" content=\"https:\/\/bilbaoizan.eus\/eu\/bisitak-arabella\/\" \/>\n<meta property=\"og:site_name\" content=\"Bilbao Izan\" \/>\n<meta property=\"article:publisher\" content=\"https:\/\/www.facebook.com\/bilbaoizan\" \/>\n<meta property=\"article:modified_time\" content=\"2026-03-25T10:47:20+00:00\" \/>\n<meta property=\"og:image\" content=\"https:\/\/bilbaoizan.eus\/wp-content\/uploads\/2024\/04\/lenguadesignosmanos.png\" \/>\n<meta name=\"twitter:card\" content=\"summary_large_image\" \/>\n<meta name=\"twitter:site\" content=\"@bilbaokultura\" \/>\n<meta name=\"twitter:label1\" content=\"Est. reading time\" \/>\n\t<meta name=\"twitter:data1\" content=\"2 minutes\" \/>\n<script type=\"application\/ld+json\" class=\"yoast-schema-graph\">{\"@context\":\"https:\\\/\\\/schema.org\",\"@graph\":[{\"@type\":\"WebPage\",\"@id\":\"https:\\\/\\\/bilbaoizan.eus\\\/eu\\\/bisitak-arabella\\\/\",\"url\":\"https:\\\/\\\/bilbaoizan.eus\\\/eu\\\/bisitak-arabella\\\/\",\"name\":\"Bisitak Arabella - Bilbao Izan\",\"isPartOf\":{\"@id\":\"https:\\\/\\\/bilbaoizan.eus\\\/eu\\\/#website\"},\"primaryImageOfPage\":{\"@id\":\"https:\\\/\\\/bilbaoizan.eus\\\/eu\\\/bisitak-arabella\\\/#primaryimage\"},\"image\":{\"@id\":\"https:\\\/\\\/bilbaoizan.eus\\\/eu\\\/bisitak-arabella\\\/#primaryimage\"},\"thumbnailUrl\":\"https:\\\/\\\/bilbaoizan.eus\\\/wp-content\\\/uploads\\\/2024\\\/04\\\/lenguadesignosmanos.png\",\"datePublished\":\"2026-03-04T08:21:52+00:00\",\"dateModified\":\"2026-03-25T10:47:20+00:00\",\"breadcrumb\":{\"@id\":\"https:\\\/\\\/bilbaoizan.eus\\\/eu\\\/bisitak-arabella\\\/#breadcrumb\"},\"inLanguage\":\"eu-ES\",\"potentialAction\":[{\"@type\":\"ReadAction\",\"target\":[\"https:\\\/\\\/bilbaoizan.eus\\\/eu\\\/bisitak-arabella\\\/\"]}]},{\"@type\":\"ImageObject\",\"inLanguage\":\"eu-ES\",\"@id\":\"https:\\\/\\\/bilbaoizan.eus\\\/eu\\\/bisitak-arabella\\\/#primaryimage\",\"url\":\"https:\\\/\\\/bilbaoizan.eus\\\/wp-content\\\/uploads\\\/2024\\\/04\\\/lenguadesignosmanos.png\",\"contentUrl\":\"https:\\\/\\\/bilbaoizan.eus\\\/wp-content\\\/uploads\\\/2024\\\/04\\\/lenguadesignosmanos.png\"},{\"@type\":\"BreadcrumbList\",\"@id\":\"https:\\\/\\\/bilbaoizan.eus\\\/eu\\\/bisitak-arabella\\\/#breadcrumb\",\"itemListElement\":[{\"@type\":\"ListItem\",\"position\":1,\"name\":\"Hasiera\",\"item\":\"https:\\\/\\\/bilbaoizan.eus\\\/eu\\\/\"},{\"@type\":\"ListItem\",\"position\":2,\"name\":\"Bisitak Arabella\"}]},{\"@type\":\"WebSite\",\"@id\":\"https:\\\/\\\/bilbaoizan.eus\\\/eu\\\/#website\",\"url\":\"https:\\\/\\\/bilbaoizan.eus\\\/eu\\\/\",\"name\":\"Bilbao Izan\",\"description\":\"Este a\u00f1o, la historia de nuestros barrios cobra vida. Prep\u00e1rate para conocer hechos hist\u00f3ricos, curiosidades y an\u00e9cdotas de los distintos distritos bilba\u00ednos de la mano de los personajes que formaron parte de su historia.\",\"publisher\":{\"@id\":\"https:\\\/\\\/bilbaoizan.eus\\\/eu\\\/#organization\"},\"alternateName\":\"BilbaoIzan\",\"potentialAction\":[{\"@type\":\"SearchAction\",\"target\":{\"@type\":\"EntryPoint\",\"urlTemplate\":\"https:\\\/\\\/bilbaoizan.eus\\\/eu\\\/?s={search_term_string}\"},\"query-input\":{\"@type\":\"PropertyValueSpecification\",\"valueRequired\":true,\"valueName\":\"search_term_string\"}}],\"inLanguage\":\"eu-ES\"},{\"@type\":\"Organization\",\"@id\":\"https:\\\/\\\/bilbaoizan.eus\\\/eu\\\/#organization\",\"name\":\"Ayuntamiento de Bilbao\",\"url\":\"https:\\\/\\\/bilbaoizan.eus\\\/eu\\\/\",\"logo\":{\"@type\":\"ImageObject\",\"inLanguage\":\"eu-ES\",\"@id\":\"https:\\\/\\\/bilbaoizan.eus\\\/eu\\\/#\\\/schema\\\/logo\\\/image\\\/\",\"url\":\"https:\\\/\\\/bilbaoizan.eus\\\/wp-content\\\/uploads\\\/2024\\\/04\\\/cropped-BilbaoIzan.png\",\"contentUrl\":\"https:\\\/\\\/bilbaoizan.eus\\\/wp-content\\\/uploads\\\/2024\\\/04\\\/cropped-BilbaoIzan.png\",\"width\":512,\"height\":512,\"caption\":\"Ayuntamiento de Bilbao\"},\"image\":{\"@id\":\"https:\\\/\\\/bilbaoizan.eus\\\/eu\\\/#\\\/schema\\\/logo\\\/image\\\/\"},\"sameAs\":[\"https:\\\/\\\/www.facebook.com\\\/bilbaoizan\",\"https:\\\/\\\/x.com\\\/bilbaokultura\",\"https:\\\/\\\/www.instagram.com\\\/bilbao_izan\\\/\",\"https:\\\/\\\/www.youtube.com\\\/@BilbaoKultura\"]}]}<\/script>\n<!-- \/ Yoast SEO plugin. -->","yoast_head_json":{"title":"Bisitak Arabella - Bilbao Izan","robots":{"index":"index","follow":"follow","max-snippet":"max-snippet:-1","max-image-preview":"max-image-preview:large","max-video-preview":"max-video-preview:-1"},"canonical":"https:\/\/bilbaoizan.eus\/eu\/bisitak-arabella\/","og_locale":"eu_ES","og_type":"article","og_title":"Bisitak Arabella - Bilbao Izan","og_description":"[vc_row full_width=&#8221;stretch_row&#8221; css=&#8221;.vc_custom_1719835660583{padding-top: 15px !important;background-color: #f9f9f9 !important;}&#8221;][vc_column][vc_raw_html css=&#8221;&#8221;]JTNDZGl2JTIwY2xhc3MlM0QlMjJndC1oZWFkaW5nJTIwZ3QtZGFyayUyMGd0LXNpemUxJTIwZ3QtYWxpZ24tY2VudGVyJTIyJTNFJTBBJTIwJTIwJTIwJTIwJTNDZGl2JTIwY2xhc3MlM0QlMjJndC10aXRsZSUyMiUzRSUwQSUyMCUyMCUyMCUyMCUyMCUyMCUyMCUyMEV6YWd1dHUlMjAlM0NzcGFuJTIwY2xhc3MlM0QlMjJ0aXRCYXJyaW8lMjIlM0VBcmFiZWxsYSUzQyUyRnNwYW4lM0UlMjBvaW5leiUwQSUyMCUyMCUyMCUyMCUzQyUyRmRpdiUzRSUwQSUzQyUyRmRpdiUzRQ==[\/vc_raw_html][vc_empty_space][vc_wp_text]Gutxi gorabeherako iraupena: 90 min. Bisita egin aurretik, jakin beharrekoak: Kalean oinez egiten den bisita da. Euria egiten badu, ibilbidea pixka bat alda daiteke. Plazak aldez aurretik\u00a0bilbaoizan.eus\u00a0webgunean erreserbatu behar dira. Datu hauek eman...","og_url":"https:\/\/bilbaoizan.eus\/eu\/bisitak-arabella\/","og_site_name":"Bilbao Izan","article_publisher":"https:\/\/www.facebook.com\/bilbaoizan","article_modified_time":"2026-03-25T10:47:20+00:00","og_image":[{"url":"https:\/\/bilbaoizan.eus\/wp-content\/uploads\/2024\/04\/lenguadesignosmanos.png","type":"","width":"","height":""}],"twitter_card":"summary_large_image","twitter_site":"@bilbaokultura","twitter_misc":{"Est. reading time":"2 minutes"},"schema":{"@context":"https:\/\/schema.org","@graph":[{"@type":"WebPage","@id":"https:\/\/bilbaoizan.eus\/eu\/bisitak-arabella\/","url":"https:\/\/bilbaoizan.eus\/eu\/bisitak-arabella\/","name":"Bisitak Arabella - Bilbao Izan","isPartOf":{"@id":"https:\/\/bilbaoizan.eus\/eu\/#website"},"primaryImageOfPage":{"@id":"https:\/\/bilbaoizan.eus\/eu\/bisitak-arabella\/#primaryimage"},"image":{"@id":"https:\/\/bilbaoizan.eus\/eu\/bisitak-arabella\/#primaryimage"},"thumbnailUrl":"https:\/\/bilbaoizan.eus\/wp-content\/uploads\/2024\/04\/lenguadesignosmanos.png","datePublished":"2026-03-04T08:21:52+00:00","dateModified":"2026-03-25T10:47:20+00:00","breadcrumb":{"@id":"https:\/\/bilbaoizan.eus\/eu\/bisitak-arabella\/#breadcrumb"},"inLanguage":"eu-ES","potentialAction":[{"@type":"ReadAction","target":["https:\/\/bilbaoizan.eus\/eu\/bisitak-arabella\/"]}]},{"@type":"ImageObject","inLanguage":"eu-ES","@id":"https:\/\/bilbaoizan.eus\/eu\/bisitak-arabella\/#primaryimage","url":"https:\/\/bilbaoizan.eus\/wp-content\/uploads\/2024\/04\/lenguadesignosmanos.png","contentUrl":"https:\/\/bilbaoizan.eus\/wp-content\/uploads\/2024\/04\/lenguadesignosmanos.png"},{"@type":"BreadcrumbList","@id":"https:\/\/bilbaoizan.eus\/eu\/bisitak-arabella\/#breadcrumb","itemListElement":[{"@type":"ListItem","position":1,"name":"Hasiera","item":"https:\/\/bilbaoizan.eus\/eu\/"},{"@type":"ListItem","position":2,"name":"Bisitak Arabella"}]},{"@type":"WebSite","@id":"https:\/\/bilbaoizan.eus\/eu\/#website","url":"https:\/\/bilbaoizan.eus\/eu\/","name":"Bilbao Izan","description":"Este a\u00f1o, la historia de nuestros barrios cobra vida. Prep\u00e1rate para conocer hechos hist\u00f3ricos, curiosidades y an\u00e9cdotas de los distintos distritos bilba\u00ednos de la mano de los personajes que formaron parte de su historia.","publisher":{"@id":"https:\/\/bilbaoizan.eus\/eu\/#organization"},"alternateName":"BilbaoIzan","potentialAction":[{"@type":"SearchAction","target":{"@type":"EntryPoint","urlTemplate":"https:\/\/bilbaoizan.eus\/eu\/?s={search_term_string}"},"query-input":{"@type":"PropertyValueSpecification","valueRequired":true,"valueName":"search_term_string"}}],"inLanguage":"eu-ES"},{"@type":"Organization","@id":"https:\/\/bilbaoizan.eus\/eu\/#organization","name":"Ayuntamiento de Bilbao","url":"https:\/\/bilbaoizan.eus\/eu\/","logo":{"@type":"ImageObject","inLanguage":"eu-ES","@id":"https:\/\/bilbaoizan.eus\/eu\/#\/schema\/logo\/image\/","url":"https:\/\/bilbaoizan.eus\/wp-content\/uploads\/2024\/04\/cropped-BilbaoIzan.png","contentUrl":"https:\/\/bilbaoizan.eus\/wp-content\/uploads\/2024\/04\/cropped-BilbaoIzan.png","width":512,"height":512,"caption":"Ayuntamiento de Bilbao"},"image":{"@id":"https:\/\/bilbaoizan.eus\/eu\/#\/schema\/logo\/image\/"},"sameAs":["https:\/\/www.facebook.com\/bilbaoizan","https:\/\/x.com\/bilbaokultura","https:\/\/www.instagram.com\/bilbao_izan\/","https:\/\/www.youtube.com\/@BilbaoKultura"]}]}},"_links":{"self":[{"href":"https:\/\/bilbaoizan.eus\/eu\/wp-json\/wp\/v2\/pages\/5881","targetHints":{"allow":["GET"]}}],"collection":[{"href":"https:\/\/bilbaoizan.eus\/eu\/wp-json\/wp\/v2\/pages"}],"about":[{"href":"https:\/\/bilbaoizan.eus\/eu\/wp-json\/wp\/v2\/types\/page"}],"author":[{"embeddable":true,"href":"https:\/\/bilbaoizan.eus\/eu\/wp-json\/wp\/v2\/users\/3"}],"replies":[{"embeddable":true,"href":"https:\/\/bilbaoizan.eus\/eu\/wp-json\/wp\/v2\/comments?post=5881"}],"version-history":[{"count":21,"href":"https:\/\/bilbaoizan.eus\/eu\/wp-json\/wp\/v2\/pages\/5881\/revisions"}],"predecessor-version":[{"id":6038,"href":"https:\/\/bilbaoizan.eus\/eu\/wp-json\/wp\/v2\/pages\/5881\/revisions\/6038"}],"wp:attachment":[{"href":"https:\/\/bilbaoizan.eus\/eu\/wp-json\/wp\/v2\/media?parent=5881"}],"curies":[{"name":"wp","href":"https:\/\/api.w.org\/{rel}","templated":true}]}}